{"id":80,"date":"2025-12-09T18:25:34","date_gmt":"2025-12-09T18:25:34","guid":{"rendered":"https:\/\/fresh.ostprint.ch\/?page_id=80"},"modified":"2025-12-09T18:25:46","modified_gmt":"2025-12-09T18:25:46","slug":"gebaeudebeschriftung","status":"publish","type":"page","link":"https:\/\/fresh.ostprint.ch\/?page_id=80","title":{"rendered":"Geb\u00e4udebeschriftung"},"content":{"rendered":"\n<p>Geb\u00e4udebeschriftung macht Immobilien schon von weitem sichtbar und verleiht Ihrem Unternehmen einen professionellen, wiedererkennbaren Auftritt.<\/p>\n\n\n\n<h3 class=\"wp-block-heading\">Was ist Geb\u00e4udebeschriftung?<\/h3>\n\n\n\n<p>Unter Geb\u00e4udebeschriftung versteht man alle fest installierten Beschriftungs- und Werbeelemente an der Fassade oder am Geb\u00e4ude, etwa Logos, Schriftz\u00fcge, Schilder oder gro\u00dffl\u00e4chige Grafiken. Damit wird die Au\u00dfenfl\u00e4che gezielt als Werbetr\u00e4ger genutzt, um Marke, Standort und Angebot klar zu kommunizieren.<\/p>\n\n\n\n<h3 class=\"wp-block-heading\">M\u00f6gliche Ausf\u00fchrungen<\/h3>\n\n\n\n<p>Geb\u00e4udebeschriftung kann in vielen Varianten umgesetzt werden, zum Beispiel mit selbstklebenden Folien, lackierten oder gefr\u00e4sten Einzelbuchstaben, bedruckten Tafeln, Fassadenbannern oder Relief-Buchstaben. Auch Malschablonen f\u00fcr Wandmalereien, kombinierte Systeme aus Folie und Schildern oder gro\u00dfformatige Planen sind \u00fcblich.<\/p>\n\n\n\n<h3 class=\"wp-block-heading\">Gestaltung und Flexibilit\u00e4t<\/h3>\n\n\n\n<p>In Farb- und Formgestaltung sind der Geb\u00e4udebeschriftung kaum Grenzen gesetzt, sodass sie sich exakt an Ihr Corporate Design anpassen l\u00e4sst. Je nach Bedarf sind kurzzeitig einsetzbare L\u00f6sungen f\u00fcr Aktionen oder Er\u00f6ffnungen ebenso m\u00f6glich wie langlebige Systeme f\u00fcr eine dauerhafte Kennzeichnung.<\/p>\n\n\n\n<h3 class=\"wp-block-heading\">Planung und Konzept<\/h3>\n\n\n\n<p>F\u00fcr eine wirkungsvolle Geb\u00e4udebeschriftung wird h\u00e4ufig ein individuelles Beschriftungskonzept erstellt, das Sichtachsen, Standort, Lichtverh\u00e4ltnisse und beh\u00f6rdliche Vorgaben ber\u00fccksichtigt. So entsteht ein stimmiges Gesamtbild, das sowohl tags\u00fcber als auch \u2013 bei Bedarf mit Beleuchtung \u2013 in den Abendstunden optimal zur Geltung kommt.<\/p>\n\n\n\n<figure class=\"wp-block-gallery has-nested-images columns-default is-cropped wp-block-gallery-1 is-layout-flex wp-block-gallery-is-layout-flex\">\n<figure class=\"wp-block-image size-large\"><img loading=\"lazy\" decoding=\"async\" width=\"425\" height=\"319\" data-id=\"81\" src=\"https:\/\/fresh.ostprint.ch\/wp-content\/uploads\/2025\/12\/gebaeudebeschriftung_1.jpg\" alt=\"\" class=\"wp-image-81\" srcset=\"https:\/\/fresh.ostprint.ch\/wp-content\/uploads\/2025\/12\/gebaeudebeschriftung_1.jpg 425w, https:\/\/fresh.ostprint.ch\/wp-content\/uploads\/2025\/12\/gebaeudebeschriftung_1-300x225.jpg 300w\" sizes=\"auto, (max-width: 425px) 100vw, 425px\" \/><\/figure>\n\n\n\n<figure class=\"wp-block-image size-large\"><img loading=\"lazy\" decoding=\"async\" width=\"1024\" height=\"768\" data-id=\"83\" src=\"https:\/\/fresh.ostprint.ch\/wp-content\/uploads\/2025\/12\/gebaeudebeschriftung_2-1024x768.jpg\" alt=\"\" class=\"wp-image-83\" srcset=\"https:\/\/fresh.ostprint.ch\/wp-content\/uploads\/2025\/12\/gebaeudebeschriftung_2-1024x768.jpg 1024w, https:\/\/fresh.ostprint.ch\/wp-content\/uploads\/2025\/12\/gebaeudebeschriftung_2-300x225.jpg 300w, https:\/\/fresh.ostprint.ch\/wp-content\/uploads\/2025\/12\/gebaeudebeschriftung_2-768x576.jpg 768w, https:\/\/fresh.ostprint.ch\/wp-content\/uploads\/2025\/12\/gebaeudebeschriftung_2-1536x1152.jpg 1536w, https:\/\/fresh.ostprint.ch\/wp-content\/uploads\/2025\/12\/gebaeudebeschriftung_2-2048x1536.jpg 2048w\" sizes=\"auto, (max-width: 1024px) 100vw, 1024px\" \/><\/figure>\n\n\n\n<figure class=\"wp-block-image size-large\"><img loading=\"lazy\" decoding=\"async\" width=\"425\" height=\"319\" data-id=\"82\" src=\"https:\/\/fresh.ostprint.ch\/wp-content\/uploads\/2025\/12\/gebaeudebeschriftung_4.jpg\" alt=\"\" class=\"wp-image-82\" srcset=\"https:\/\/fresh.ostprint.ch\/wp-content\/uploads\/2025\/12\/gebaeudebeschriftung_4.jpg 425w, https:\/\/fresh.ostprint.ch\/wp-content\/uploads\/2025\/12\/gebaeudebeschriftung_4-300x225.jpg 300w\" sizes=\"auto, (max-width: 425px) 100vw, 425px\" \/><\/figure>\n<\/figure>\n","protected":false},"excerpt":{"rendered":"<p>Geb\u00e4udebeschriftung macht Immobilien schon von weitem sichtbar und verleiht Ihrem Unternehmen einen professionellen, wiedererkennbaren Auftritt. Was ist Geb\u00e4udebeschriftung? Unter Geb\u00e4udebeschriftung versteht man alle fest installierten Beschriftungs- und Werbeelemente an der Fassade oder am Geb\u00e4ude, etwa Logos, Schriftz\u00fcge, Schilder oder gro\u00dffl\u00e4chige Grafiken. Damit wird die Au\u00dfenfl\u00e4che gezielt als Werbetr\u00e4ger genutzt, um Marke, Standort und Angebot klar &#8230; <a title=\"Geb\u00e4udebeschriftung\" class=\"read-more\" href=\"https:\/\/fresh.ostprint.ch\/?page_id=80\" aria-label=\"Read more about Geb\u00e4udebeschriftung\">Read more<\/a><\/p>\n","protected":false},"author":1,"featured_media":0,"parent":9,"menu_order":0,"comment_status":"closed","ping_status":"closed","template":"","meta":{"footnotes":""},"class_list":["post-80","page","type-page","status-publish"],"yoast_head":"<!-- This site is optimized with the Yoast SEO plugin v26.5 - https:\/\/yoast.com\/wordpress\/plugins\/seo\/ -->\n<title>Geb\u00e4udebeschriftung - Ostprint<\/title>\n<meta name=\"robots\" content=\"noindex, follow, max-snippet:-1, max-image-preview:large, max-video-preview:-1\" \/>\n<meta property=\"og:locale\" content=\"de_DE\" \/>\n<meta property=\"og:type\" content=\"article\" \/>\n<meta property=\"og:title\" content=\"Geb\u00e4udebeschriftung - Ostprint\" \/>\n<meta property=\"og:description\" content=\"Geb\u00e4udebeschriftung macht Immobilien schon von weitem sichtbar und verleiht Ihrem Unternehmen einen professionellen, wiedererkennbaren Auftritt. Was ist Geb\u00e4udebeschriftung? Unter Geb\u00e4udebeschriftung versteht man alle fest installierten Beschriftungs- und Werbeelemente an der Fassade oder am Geb\u00e4ude, etwa Logos, Schriftz\u00fcge, Schilder oder gro\u00dffl\u00e4chige Grafiken. Damit wird die Au\u00dfenfl\u00e4che gezielt als Werbetr\u00e4ger genutzt, um Marke, Standort und Angebot klar ... Read more\" \/>\n<meta property=\"og:url\" content=\"https:\/\/fresh.ostprint.ch\/?page_id=80\" \/>\n<meta property=\"og:site_name\" content=\"Ostprint\" \/>\n<meta property=\"article:modified_time\" content=\"2025-12-09T18:25:46+00:00\" \/>\n<meta property=\"og:image\" content=\"https:\/\/fresh.ostprint.ch\/wp-content\/uploads\/2025\/12\/gebaeudebeschriftung_1.jpg\" \/>\n\t<meta property=\"og:image:width\" content=\"425\" \/>\n\t<meta property=\"og:image:height\" content=\"319\" \/>\n\t<meta property=\"og:image:type\" content=\"image\/jpeg\" \/>\n<meta name=\"twitter:card\" content=\"summary_large_image\" \/>\n<meta name=\"twitter:label1\" content=\"Gesch\u00e4tzte Lesezeit\" \/>\n\t<meta name=\"twitter:data1\" content=\"2\u00a0Minuten\" \/>\n<script type=\"application\/ld+json\" class=\"yoast-schema-graph\">{\"@context\":\"https:\/\/schema.org\",\"@graph\":[{\"@type\":\"WebPage\",\"@id\":\"https:\/\/fresh.ostprint.ch\/?page_id=80\",\"url\":\"https:\/\/fresh.ostprint.ch\/?page_id=80\",\"name\":\"Geb\u00e4udebeschriftung - Ostprint\",\"isPartOf\":{\"@id\":\"https:\/\/fresh.ostprint.ch\/#website\"},\"primaryImageOfPage\":{\"@id\":\"https:\/\/fresh.ostprint.ch\/?page_id=80#primaryimage\"},\"image\":{\"@id\":\"https:\/\/fresh.ostprint.ch\/?page_id=80#primaryimage\"},\"thumbnailUrl\":\"https:\/\/fresh.ostprint.ch\/wp-content\/uploads\/2025\/12\/gebaeudebeschriftung_1.jpg\",\"datePublished\":\"2025-12-09T18:25:34+00:00\",\"dateModified\":\"2025-12-09T18:25:46+00:00\",\"breadcrumb\":{\"@id\":\"https:\/\/fresh.ostprint.ch\/?page_id=80#breadcrumb\"},\"inLanguage\":\"de-CH\",\"potentialAction\":[{\"@type\":\"ReadAction\",\"target\":[\"https:\/\/fresh.ostprint.ch\/?page_id=80\"]}]},{\"@type\":\"ImageObject\",\"inLanguage\":\"de-CH\",\"@id\":\"https:\/\/fresh.ostprint.ch\/?page_id=80#primaryimage\",\"url\":\"https:\/\/fresh.ostprint.ch\/wp-content\/uploads\/2025\/12\/gebaeudebeschriftung_1.jpg\",\"contentUrl\":\"https:\/\/fresh.ostprint.ch\/wp-content\/uploads\/2025\/12\/gebaeudebeschriftung_1.jpg\",\"width\":425,\"height\":319},{\"@type\":\"BreadcrumbList\",\"@id\":\"https:\/\/fresh.ostprint.ch\/?page_id=80#breadcrumb\",\"itemListElement\":[{\"@type\":\"ListItem\",\"position\":1,\"name\":\"Startseite\",\"item\":\"https:\/\/fresh.ostprint.ch\/\"},{\"@type\":\"ListItem\",\"position\":2,\"name\":\"Beschriftung &amp; Folien\",\"item\":\"https:\/\/fresh.ostprint.ch\/?page_id=9\"},{\"@type\":\"ListItem\",\"position\":3,\"name\":\"Geb\u00e4udebeschriftung\"}]},{\"@type\":\"WebSite\",\"@id\":\"https:\/\/fresh.ostprint.ch\/#website\",\"url\":\"https:\/\/fresh.ostprint.ch\/\",\"name\":\"Ostprint\",\"description\":\"\",\"potentialAction\":[{\"@type\":\"SearchAction\",\"target\":{\"@type\":\"EntryPoint\",\"urlTemplate\":\"https:\/\/fresh.ostprint.ch\/?s={search_term_string}\"},\"query-input\":{\"@type\":\"PropertyValueSpecification\",\"valueRequired\":true,\"valueName\":\"search_term_string\"}}],\"inLanguage\":\"de-CH\"}]}<\/script>\n<!-- \/ Yoast SEO plugin. -->","yoast_head_json":{"title":"Geb\u00e4udebeschriftung - Ostprint","robots":{"index":"noindex","follow":"follow","max-snippet":"max-snippet:-1","max-image-preview":"max-image-preview:large","max-video-preview":"max-video-preview:-1"},"og_locale":"de_DE","og_type":"article","og_title":"Geb\u00e4udebeschriftung - Ostprint","og_description":"Geb\u00e4udebeschriftung macht Immobilien schon von weitem sichtbar und verleiht Ihrem Unternehmen einen professionellen, wiedererkennbaren Auftritt. Was ist Geb\u00e4udebeschriftung? Unter Geb\u00e4udebeschriftung versteht man alle fest installierten Beschriftungs- und Werbeelemente an der Fassade oder am Geb\u00e4ude, etwa Logos, Schriftz\u00fcge, Schilder oder gro\u00dffl\u00e4chige Grafiken. Damit wird die Au\u00dfenfl\u00e4che gezielt als Werbetr\u00e4ger genutzt, um Marke, Standort und Angebot klar ... Read more","og_url":"https:\/\/fresh.ostprint.ch\/?page_id=80","og_site_name":"Ostprint","article_modified_time":"2025-12-09T18:25:46+00:00","og_image":[{"width":425,"height":319,"url":"https:\/\/fresh.ostprint.ch\/wp-content\/uploads\/2025\/12\/gebaeudebeschriftung_1.jpg","type":"image\/jpeg"}],"twitter_card":"summary_large_image","twitter_misc":{"Gesch\u00e4tzte Lesezeit":"2\u00a0Minuten"},"schema":{"@context":"https:\/\/schema.org","@graph":[{"@type":"WebPage","@id":"https:\/\/fresh.ostprint.ch\/?page_id=80","url":"https:\/\/fresh.ostprint.ch\/?page_id=80","name":"Geb\u00e4udebeschriftung - Ostprint","isPartOf":{"@id":"https:\/\/fresh.ostprint.ch\/#website"},"primaryImageOfPage":{"@id":"https:\/\/fresh.ostprint.ch\/?page_id=80#primaryimage"},"image":{"@id":"https:\/\/fresh.ostprint.ch\/?page_id=80#primaryimage"},"thumbnailUrl":"https:\/\/fresh.ostprint.ch\/wp-content\/uploads\/2025\/12\/gebaeudebeschriftung_1.jpg","datePublished":"2025-12-09T18:25:34+00:00","dateModified":"2025-12-09T18:25:46+00:00","breadcrumb":{"@id":"https:\/\/fresh.ostprint.ch\/?page_id=80#breadcrumb"},"inLanguage":"de-CH","potentialAction":[{"@type":"ReadAction","target":["https:\/\/fresh.ostprint.ch\/?page_id=80"]}]},{"@type":"ImageObject","inLanguage":"de-CH","@id":"https:\/\/fresh.ostprint.ch\/?page_id=80#primaryimage","url":"https:\/\/fresh.ostprint.ch\/wp-content\/uploads\/2025\/12\/gebaeudebeschriftung_1.jpg","contentUrl":"https:\/\/fresh.ostprint.ch\/wp-content\/uploads\/2025\/12\/gebaeudebeschriftung_1.jpg","width":425,"height":319},{"@type":"BreadcrumbList","@id":"https:\/\/fresh.ostprint.ch\/?page_id=80#breadcrumb","itemListElement":[{"@type":"ListItem","position":1,"name":"Startseite","item":"https:\/\/fresh.ostprint.ch\/"},{"@type":"ListItem","position":2,"name":"Beschriftung &amp; Folien","item":"https:\/\/fresh.ostprint.ch\/?page_id=9"},{"@type":"ListItem","position":3,"name":"Geb\u00e4udebeschriftung"}]},{"@type":"WebSite","@id":"https:\/\/fresh.ostprint.ch\/#website","url":"https:\/\/fresh.ostprint.ch\/","name":"Ostprint","description":"","potentialAction":[{"@type":"SearchAction","target":{"@type":"EntryPoint","urlTemplate":"https:\/\/fresh.ostprint.ch\/?s={search_term_string}"},"query-input":{"@type":"PropertyValueSpecification","valueRequired":true,"valueName":"search_term_string"}}],"inLanguage":"de-CH"}]}},"_links":{"self":[{"href":"https:\/\/fresh.ostprint.ch\/index.php?rest_route=\/wp\/v2\/pages\/80","targetHints":{"allow":["GET"]}}],"collection":[{"href":"https:\/\/fresh.ostprint.ch\/index.php?rest_route=\/wp\/v2\/pages"}],"about":[{"href":"https:\/\/fresh.ostprint.ch\/index.php?rest_route=\/wp\/v2\/types\/page"}],"author":[{"embeddable":true,"href":"https:\/\/fresh.ostprint.ch\/index.php?rest_route=\/wp\/v2\/users\/1"}],"replies":[{"embeddable":true,"href":"https:\/\/fresh.ostprint.ch\/index.php?rest_route=%2Fwp%2Fv2%2Fcomments&post=80"}],"version-history":[{"count":1,"href":"https:\/\/fresh.ostprint.ch\/index.php?rest_route=\/wp\/v2\/pages\/80\/revisions"}],"predecessor-version":[{"id":84,"href":"https:\/\/fresh.ostprint.ch\/index.php?rest_route=\/wp\/v2\/pages\/80\/revisions\/84"}],"up":[{"embeddable":true,"href":"https:\/\/fresh.ostprint.ch\/index.php?rest_route=\/wp\/v2\/pages\/9"}],"wp:attachment":[{"href":"https:\/\/fresh.ostprint.ch\/index.php?rest_route=%2Fwp%2Fv2%2Fmedia&parent=80"}],"curies":[{"name":"wp","href":"https:\/\/api.w.org\/{rel}","templated":true}]}}