{"id":75,"date":"2025-12-09T18:21:59","date_gmt":"2025-12-09T18:21:59","guid":{"rendered":"https:\/\/fresh.ostprint.ch\/?page_id=75"},"modified":"2025-12-09T18:22:18","modified_gmt":"2025-12-09T18:22:18","slug":"schaufensterbeschriftung","status":"publish","type":"page","link":"https:\/\/fresh.ostprint.ch\/?page_id=75","title":{"rendered":"Schaufensterbeschriftung"},"content":{"rendered":"\n<p>Schaufensterbeschriftung macht aus Ihrer Glasfl\u00e4che eine wirkungsvolle Werbefl\u00e4che und unterst\u00fctzt den ersten Eindruck Ihres Gesch\u00e4fts.<\/p>\n\n\n\n<h3 class=\"wp-block-heading\">Was ist Schaufensterbeschriftung?<\/h3>\n\n\n\n<p>Unter Schaufensterbeschriftung versteht man das Bekleben von Schaufenstern mit Schriftz\u00fcgen, Logos, Motivfolien oder gro\u00dffl\u00e4chigen Grafiken. So wird das Schaufenster gezielt genutzt, um Markenauftritt, Angebote oder \u00d6ffnungszeiten sichtbar zu pr\u00e4sentieren.<\/p>\n\n\n\n<h3 class=\"wp-block-heading\">Zweck und Wirkung<\/h3>\n\n\n\n<p>Das Schaufenster dient als Aush\u00e4ngeschild und soll Passanten neugierig machen und zum Eintreten animieren. Mit einer klar gestalteten Beschriftung heben Sie Ihre Angebote hervor, erh\u00f6hen die Wiedererkennung Ihres Unternehmens und grenzen sich optisch von Mitbewerbern ab.<\/p>\n\n\n\n<h3 class=\"wp-block-heading\">Materialien und Gestaltung<\/h3>\n\n\n\n<p>Zum Einsatz kommen meist selbstklebende Folien, die je nach Bedarf blickdicht, transluzent oder transparent sein k\u00f6nnen. M\u00f6glich sind einfache Textbeschriftungen, Logos, saisonale Aktionshinweise oder vollfl\u00e4chige Designs, die individuell an Ihr Corporate Design angepasst werden.<\/p>\n\n\n\n<h3 class=\"wp-block-heading\">Vorteile in der Praxis<\/h3>\n\n\n\n<p>Schaufensterbeschriftungen lassen sich relativ schnell montieren und bei Bedarf wieder entfernen oder aktualisieren. Damit eignen sie sich sowohl f\u00fcr dauerhafte Grundgestaltung als auch f\u00fcr zeitlich begrenzte Aktionen oder Sale-Hinweise.<\/p>\n\n\n\n<figure class=\"wp-block-gallery has-nested-images columns-default is-cropped wp-block-gallery-1 is-layout-flex wp-block-gallery-is-layout-flex\">\n<figure class=\"wp-block-image size-large\"><img loading=\"lazy\" decoding=\"async\" width=\"425\" height=\"319\" data-id=\"76\" src=\"https:\/\/fresh.ostprint.ch\/wp-content\/uploads\/2025\/12\/schaufensterbeschriftung_2.jpg\" alt=\"\" class=\"wp-image-76\" srcset=\"https:\/\/fresh.ostprint.ch\/wp-content\/uploads\/2025\/12\/schaufensterbeschriftung_2.jpg 425w, https:\/\/fresh.ostprint.ch\/wp-content\/uploads\/2025\/12\/schaufensterbeschriftung_2-300x225.jpg 300w\" sizes=\"auto, (max-width: 425px) 100vw, 425px\" \/><\/figure>\n\n\n\n<figure class=\"wp-block-image size-large\"><img loading=\"lazy\" decoding=\"async\" width=\"425\" height=\"319\" data-id=\"77\" src=\"https:\/\/fresh.ostprint.ch\/wp-content\/uploads\/2025\/12\/schaufensterbeschriftung_1.jpg\" alt=\"\" class=\"wp-image-77\" srcset=\"https:\/\/fresh.ostprint.ch\/wp-content\/uploads\/2025\/12\/schaufensterbeschriftung_1.jpg 425w, https:\/\/fresh.ostprint.ch\/wp-content\/uploads\/2025\/12\/schaufensterbeschriftung_1-300x225.jpg 300w\" sizes=\"auto, (max-width: 425px) 100vw, 425px\" \/><\/figure>\n\n\n\n<figure class=\"wp-block-image size-large\"><img loading=\"lazy\" decoding=\"async\" width=\"425\" height=\"319\" data-id=\"78\" src=\"https:\/\/fresh.ostprint.ch\/wp-content\/uploads\/2025\/12\/schaufensterbeschriftung_5.jpg\" alt=\"\" class=\"wp-image-78\" srcset=\"https:\/\/fresh.ostprint.ch\/wp-content\/uploads\/2025\/12\/schaufensterbeschriftung_5.jpg 425w, https:\/\/fresh.ostprint.ch\/wp-content\/uploads\/2025\/12\/schaufensterbeschriftung_5-300x225.jpg 300w\" sizes=\"auto, (max-width: 425px) 100vw, 425px\" \/><\/figure>\n<\/figure>\n","protected":false},"excerpt":{"rendered":"<p>Schaufensterbeschriftung macht aus Ihrer Glasfl\u00e4che eine wirkungsvolle Werbefl\u00e4che und unterst\u00fctzt den ersten Eindruck Ihres Gesch\u00e4fts. Was ist Schaufensterbeschriftung? Unter Schaufensterbeschriftung versteht man das Bekleben von Schaufenstern mit Schriftz\u00fcgen, Logos, Motivfolien oder gro\u00dffl\u00e4chigen Grafiken. So wird das Schaufenster gezielt genutzt, um Markenauftritt, Angebote oder \u00d6ffnungszeiten sichtbar zu pr\u00e4sentieren. Zweck und Wirkung Das Schaufenster dient als Aush\u00e4ngeschild &#8230; <a title=\"Schaufensterbeschriftung\" class=\"read-more\" href=\"https:\/\/fresh.ostprint.ch\/?page_id=75\" aria-label=\"Read more about Schaufensterbeschriftung\">Read more<\/a><\/p>\n","protected":false},"author":1,"featured_media":0,"parent":9,"menu_order":0,"comment_status":"closed","ping_status":"closed","template":"","meta":{"footnotes":""},"class_list":["post-75","page","type-page","status-publish"],"yoast_head":"<!-- This site is optimized with the Yoast SEO plugin v26.5 - https:\/\/yoast.com\/wordpress\/plugins\/seo\/ -->\n<title>Schaufensterbeschriftung - Ostprint<\/title>\n<meta name=\"robots\" content=\"noindex, follow, max-snippet:-1, max-image-preview:large, max-video-preview:-1\" \/>\n<meta property=\"og:locale\" content=\"de_DE\" \/>\n<meta property=\"og:type\" content=\"article\" \/>\n<meta property=\"og:title\" content=\"Schaufensterbeschriftung - Ostprint\" \/>\n<meta property=\"og:description\" content=\"Schaufensterbeschriftung macht aus Ihrer Glasfl\u00e4che eine wirkungsvolle Werbefl\u00e4che und unterst\u00fctzt den ersten Eindruck Ihres Gesch\u00e4fts. Was ist Schaufensterbeschriftung? Unter Schaufensterbeschriftung versteht man das Bekleben von Schaufenstern mit Schriftz\u00fcgen, Logos, Motivfolien oder gro\u00dffl\u00e4chigen Grafiken. So wird das Schaufenster gezielt genutzt, um Markenauftritt, Angebote oder \u00d6ffnungszeiten sichtbar zu pr\u00e4sentieren. Zweck und Wirkung Das Schaufenster dient als Aush\u00e4ngeschild ... Read more\" \/>\n<meta property=\"og:url\" content=\"https:\/\/fresh.ostprint.ch\/?page_id=75\" \/>\n<meta property=\"og:site_name\" content=\"Ostprint\" \/>\n<meta property=\"article:modified_time\" content=\"2025-12-09T18:22:18+00:00\" \/>\n<meta property=\"og:image\" content=\"https:\/\/fresh.ostprint.ch\/wp-content\/uploads\/2025\/12\/schaufensterbeschriftung_2.jpg\" \/>\n\t<meta property=\"og:image:width\" content=\"425\" \/>\n\t<meta property=\"og:image:height\" content=\"319\" \/>\n\t<meta property=\"og:image:type\" content=\"image\/jpeg\" \/>\n<meta name=\"twitter:card\" content=\"summary_large_image\" \/>\n<meta name=\"twitter:label1\" content=\"Gesch\u00e4tzte Lesezeit\" \/>\n\t<meta name=\"twitter:data1\" content=\"2\u00a0Minuten\" \/>\n<script type=\"application\/ld+json\" class=\"yoast-schema-graph\">{\"@context\":\"https:\/\/schema.org\",\"@graph\":[{\"@type\":\"WebPage\",\"@id\":\"https:\/\/fresh.ostprint.ch\/?page_id=75\",\"url\":\"https:\/\/fresh.ostprint.ch\/?page_id=75\",\"name\":\"Schaufensterbeschriftung - Ostprint\",\"isPartOf\":{\"@id\":\"https:\/\/fresh.ostprint.ch\/#website\"},\"primaryImageOfPage\":{\"@id\":\"https:\/\/fresh.ostprint.ch\/?page_id=75#primaryimage\"},\"image\":{\"@id\":\"https:\/\/fresh.ostprint.ch\/?page_id=75#primaryimage\"},\"thumbnailUrl\":\"https:\/\/fresh.ostprint.ch\/wp-content\/uploads\/2025\/12\/schaufensterbeschriftung_2.jpg\",\"datePublished\":\"2025-12-09T18:21:59+00:00\",\"dateModified\":\"2025-12-09T18:22:18+00:00\",\"breadcrumb\":{\"@id\":\"https:\/\/fresh.ostprint.ch\/?page_id=75#breadcrumb\"},\"inLanguage\":\"de-CH\",\"potentialAction\":[{\"@type\":\"ReadAction\",\"target\":[\"https:\/\/fresh.ostprint.ch\/?page_id=75\"]}]},{\"@type\":\"ImageObject\",\"inLanguage\":\"de-CH\",\"@id\":\"https:\/\/fresh.ostprint.ch\/?page_id=75#primaryimage\",\"url\":\"https:\/\/fresh.ostprint.ch\/wp-content\/uploads\/2025\/12\/schaufensterbeschriftung_2.jpg\",\"contentUrl\":\"https:\/\/fresh.ostprint.ch\/wp-content\/uploads\/2025\/12\/schaufensterbeschriftung_2.jpg\",\"width\":425,\"height\":319},{\"@type\":\"BreadcrumbList\",\"@id\":\"https:\/\/fresh.ostprint.ch\/?page_id=75#breadcrumb\",\"itemListElement\":[{\"@type\":\"ListItem\",\"position\":1,\"name\":\"Startseite\",\"item\":\"https:\/\/fresh.ostprint.ch\/\"},{\"@type\":\"ListItem\",\"position\":2,\"name\":\"Beschriftung &amp; Folien\",\"item\":\"https:\/\/fresh.ostprint.ch\/?page_id=9\"},{\"@type\":\"ListItem\",\"position\":3,\"name\":\"Schaufensterbeschriftung\"}]},{\"@type\":\"WebSite\",\"@id\":\"https:\/\/fresh.ostprint.ch\/#website\",\"url\":\"https:\/\/fresh.ostprint.ch\/\",\"name\":\"Ostprint\",\"description\":\"\",\"potentialAction\":[{\"@type\":\"SearchAction\",\"target\":{\"@type\":\"EntryPoint\",\"urlTemplate\":\"https:\/\/fresh.ostprint.ch\/?s={search_term_string}\"},\"query-input\":{\"@type\":\"PropertyValueSpecification\",\"valueRequired\":true,\"valueName\":\"search_term_string\"}}],\"inLanguage\":\"de-CH\"}]}<\/script>\n<!-- \/ Yoast SEO plugin. -->","yoast_head_json":{"title":"Schaufensterbeschriftung - Ostprint","robots":{"index":"noindex","follow":"follow","max-snippet":"max-snippet:-1","max-image-preview":"max-image-preview:large","max-video-preview":"max-video-preview:-1"},"og_locale":"de_DE","og_type":"article","og_title":"Schaufensterbeschriftung - Ostprint","og_description":"Schaufensterbeschriftung macht aus Ihrer Glasfl\u00e4che eine wirkungsvolle Werbefl\u00e4che und unterst\u00fctzt den ersten Eindruck Ihres Gesch\u00e4fts. Was ist Schaufensterbeschriftung? Unter Schaufensterbeschriftung versteht man das Bekleben von Schaufenstern mit Schriftz\u00fcgen, Logos, Motivfolien oder gro\u00dffl\u00e4chigen Grafiken. So wird das Schaufenster gezielt genutzt, um Markenauftritt, Angebote oder \u00d6ffnungszeiten sichtbar zu pr\u00e4sentieren. Zweck und Wirkung Das Schaufenster dient als Aush\u00e4ngeschild ... Read more","og_url":"https:\/\/fresh.ostprint.ch\/?page_id=75","og_site_name":"Ostprint","article_modified_time":"2025-12-09T18:22:18+00:00","og_image":[{"width":425,"height":319,"url":"https:\/\/fresh.ostprint.ch\/wp-content\/uploads\/2025\/12\/schaufensterbeschriftung_2.jpg","type":"image\/jpeg"}],"twitter_card":"summary_large_image","twitter_misc":{"Gesch\u00e4tzte Lesezeit":"2\u00a0Minuten"},"schema":{"@context":"https:\/\/schema.org","@graph":[{"@type":"WebPage","@id":"https:\/\/fresh.ostprint.ch\/?page_id=75","url":"https:\/\/fresh.ostprint.ch\/?page_id=75","name":"Schaufensterbeschriftung - Ostprint","isPartOf":{"@id":"https:\/\/fresh.ostprint.ch\/#website"},"primaryImageOfPage":{"@id":"https:\/\/fresh.ostprint.ch\/?page_id=75#primaryimage"},"image":{"@id":"https:\/\/fresh.ostprint.ch\/?page_id=75#primaryimage"},"thumbnailUrl":"https:\/\/fresh.ostprint.ch\/wp-content\/uploads\/2025\/12\/schaufensterbeschriftung_2.jpg","datePublished":"2025-12-09T18:21:59+00:00","dateModified":"2025-12-09T18:22:18+00:00","breadcrumb":{"@id":"https:\/\/fresh.ostprint.ch\/?page_id=75#breadcrumb"},"inLanguage":"de-CH","potentialAction":[{"@type":"ReadAction","target":["https:\/\/fresh.ostprint.ch\/?page_id=75"]}]},{"@type":"ImageObject","inLanguage":"de-CH","@id":"https:\/\/fresh.ostprint.ch\/?page_id=75#primaryimage","url":"https:\/\/fresh.ostprint.ch\/wp-content\/uploads\/2025\/12\/schaufensterbeschriftung_2.jpg","contentUrl":"https:\/\/fresh.ostprint.ch\/wp-content\/uploads\/2025\/12\/schaufensterbeschriftung_2.jpg","width":425,"height":319},{"@type":"BreadcrumbList","@id":"https:\/\/fresh.ostprint.ch\/?page_id=75#breadcrumb","itemListElement":[{"@type":"ListItem","position":1,"name":"Startseite","item":"https:\/\/fresh.ostprint.ch\/"},{"@type":"ListItem","position":2,"name":"Beschriftung &amp; Folien","item":"https:\/\/fresh.ostprint.ch\/?page_id=9"},{"@type":"ListItem","position":3,"name":"Schaufensterbeschriftung"}]},{"@type":"WebSite","@id":"https:\/\/fresh.ostprint.ch\/#website","url":"https:\/\/fresh.ostprint.ch\/","name":"Ostprint","description":"","potentialAction":[{"@type":"SearchAction","target":{"@type":"EntryPoint","urlTemplate":"https:\/\/fresh.ostprint.ch\/?s={search_term_string}"},"query-input":{"@type":"PropertyValueSpecification","valueRequired":true,"valueName":"search_term_string"}}],"inLanguage":"de-CH"}]}},"_links":{"self":[{"href":"https:\/\/fresh.ostprint.ch\/index.php?rest_route=\/wp\/v2\/pages\/75","targetHints":{"allow":["GET"]}}],"collection":[{"href":"https:\/\/fresh.ostprint.ch\/index.php?rest_route=\/wp\/v2\/pages"}],"about":[{"href":"https:\/\/fresh.ostprint.ch\/index.php?rest_route=\/wp\/v2\/types\/page"}],"author":[{"embeddable":true,"href":"https:\/\/fresh.ostprint.ch\/index.php?rest_route=\/wp\/v2\/users\/1"}],"replies":[{"embeddable":true,"href":"https:\/\/fresh.ostprint.ch\/index.php?rest_route=%2Fwp%2Fv2%2Fcomments&post=75"}],"version-history":[{"count":1,"href":"https:\/\/fresh.ostprint.ch\/index.php?rest_route=\/wp\/v2\/pages\/75\/revisions"}],"predecessor-version":[{"id":79,"href":"https:\/\/fresh.ostprint.ch\/index.php?rest_route=\/wp\/v2\/pages\/75\/revisions\/79"}],"up":[{"embeddable":true,"href":"https:\/\/fresh.ostprint.ch\/index.php?rest_route=\/wp\/v2\/pages\/9"}],"wp:attachment":[{"href":"https:\/\/fresh.ostprint.ch\/index.php?rest_route=%2Fwp%2Fv2%2Fmedia&parent=75"}],"curies":[{"name":"wp","href":"https:\/\/api.w.org\/{rel}","templated":true}]}}