{"id":7,"date":"2025-12-08T08:54:00","date_gmt":"2025-12-08T08:54:00","guid":{"rendered":"https:\/\/fresh.ostprint.ch\/?page_id=7"},"modified":"2025-12-09T21:29:30","modified_gmt":"2025-12-09T21:29:30","slug":"willkommen","status":"publish","type":"page","link":"https:\/\/fresh.ostprint.ch\/","title":{"rendered":"Willkommen bei Ostprint"},"content":{"rendered":"\n<p>Ostprint bietet ein umfassendes Sortiment an Druck- und Werbetechnikl\u00f6sungen, die in der Ostschweiz mit hohem Qualit\u00e4tsanspruch und viel Erfahrung realisiert werden.<\/p>\n\n\n\n<h2 class=\"wp-block-heading\">Stark in Beschriftung und Au\u00dfenwerbung<\/h2>\n\n\n\n<p>F\u00fcr maximale Sichtbarkeit im Au\u00dfenbereich stehen Fahrzeugbeschriftungen, Geb\u00e4udebeschriftungen, Schilder, Tafeln, Kundenstopper, Werbebanner, Roll-Ups sowie verschiedene Folienl\u00f6sungen wie Selbstklebefolien, Windowfolien, Milchglasfolien, Spiegelfolien und T\u00f6nungsfolien zur Verf\u00fcgung. Jede L\u00f6sung wird auf langlebigen, witterungsbest\u00e4ndigen Materialien umgesetzt und bei Bedarf millimetergenau, konturgefr\u00e4st oder individuell konfektioniert, sodass sie exakt zu Ihrem Einsatzort passt.<\/p>\n\n\n\n<h2 class=\"wp-block-heading\">Werbemittel f\u00fcr starken Auftritt<\/h2>\n\n\n\n<p>Im Bereich klassischer Printprodukte erhalten Sie Plakate, Poster, Flyer und Visitenkarten, die Ihre Marke im t\u00e4glichen Kontakt professionell repr\u00e4sentieren. Erg\u00e4nzt wird das Portfolio durch spezielle Werbeartikel wie individuell gestaltbare Flyer, die Ihre Kampagnen aufmerksamkeitsstark abrunden. So lassen sich Online- und Offline-Marketing nahtlos verbinden und wirkungsvolle Kampagnen \u00fcber verschiedene Kan\u00e4le hinweg realisieren.<\/p>\n\n\n\n<h2 class=\"wp-block-heading\">Textilveredelung f\u00fcr Promotion und Teamwear<\/h2>\n\n\n\n<p>Mit Textilfolientransferdruck und Digitaltransferdruck veredelt Ostprint Textilien wie Shirts, Sweater, Jacken oder Taschen \u2013 von einfachen Schriftz\u00fcgen bis hin zu fotorealistischen Motiven. Dadurch erhalten Sie passende L\u00f6sungen f\u00fcr Promotion, Vereine, Events oder Arbeitskleidung, abgestimmt auf Material, Einsatzbereich und gew\u00fcnschte Haltbarkeit.<\/p>\n\n\n\n<h2 class=\"wp-block-heading\">Qualit\u00e4t, auf die man sich verlassen kann<\/h2>\n\n\n\n<p>Als spezialisierte Beschriftungs- und Druckerei legt Ostprint Wert auf hochwertige Materialien, moderne Drucktechnologien sowie saubere Verarbeitung bei jedem Produkt. Die Kombination aus fachkundiger Beratung, pr\u00e4ziser Produktion und zuverl\u00e4ssiger Terminplanung macht Ostprint zu einem Partner, dem Unternehmen, Institutionen und Vereine ihre Marke mit gutem Gef\u00fchl anvertrauen k\u00f6nnen.<\/p>\n","protected":false},"excerpt":{"rendered":"<p>Ostprint bietet ein umfassendes Sortiment an Druck- und Werbetechnikl\u00f6sungen, die in der Ostschweiz mit hohem Qualit\u00e4tsanspruch und viel Erfahrung realisiert werden. Stark in Beschriftung und Au\u00dfenwerbung F\u00fcr maximale Sichtbarkeit im Au\u00dfenbereich stehen Fahrzeugbeschriftungen, Geb\u00e4udebeschriftungen, Schilder, Tafeln, Kundenstopper, Werbebanner, Roll-Ups sowie verschiedene Folienl\u00f6sungen wie Selbstklebefolien, Windowfolien, Milchglasfolien, Spiegelfolien und T\u00f6nungsfolien zur Verf\u00fcgung. Jede L\u00f6sung wird auf &#8230; <a title=\"Willkommen bei Ostprint\" class=\"read-more\" href=\"https:\/\/fresh.ostprint.ch\/\" aria-label=\"Read more about Willkommen bei Ostprint\">Read more<\/a><\/p>\n","protected":false},"author":1,"featured_media":0,"parent":0,"menu_order":0,"comment_status":"closed","ping_status":"closed","template":"","meta":{"footnotes":""},"class_list":["post-7","page","type-page","status-publish"],"yoast_head":"<!-- This site is optimized with the Yoast SEO plugin v26.5 - https:\/\/yoast.com\/wordpress\/plugins\/seo\/ -->\n<title>Willkommen bei Ostprint - Ostprint<\/title>\n<meta name=\"robots\" content=\"noindex, follow, max-snippet:-1, max-image-preview:large, max-video-preview:-1\" \/>\n<meta property=\"og:locale\" content=\"de_DE\" \/>\n<meta property=\"og:type\" content=\"article\" \/>\n<meta property=\"og:title\" content=\"Willkommen bei Ostprint - Ostprint\" \/>\n<meta property=\"og:description\" content=\"Ostprint bietet ein umfassendes Sortiment an Druck- und Werbetechnikl\u00f6sungen, die in der Ostschweiz mit hohem Qualit\u00e4tsanspruch und viel Erfahrung realisiert werden. Stark in Beschriftung und Au\u00dfenwerbung F\u00fcr maximale Sichtbarkeit im Au\u00dfenbereich stehen Fahrzeugbeschriftungen, Geb\u00e4udebeschriftungen, Schilder, Tafeln, Kundenstopper, Werbebanner, Roll-Ups sowie verschiedene Folienl\u00f6sungen wie Selbstklebefolien, Windowfolien, Milchglasfolien, Spiegelfolien und T\u00f6nungsfolien zur Verf\u00fcgung. Jede L\u00f6sung wird auf ... Read more\" \/>\n<meta property=\"og:url\" content=\"https:\/\/fresh.ostprint.ch\/\" \/>\n<meta property=\"og:site_name\" content=\"Ostprint\" \/>\n<meta property=\"article:modified_time\" content=\"2025-12-09T21:29:30+00:00\" \/>\n<meta name=\"twitter:card\" content=\"summary_large_image\" \/>\n<meta name=\"twitter:label1\" content=\"Gesch\u00e4tzte Lesezeit\" \/>\n\t<meta name=\"twitter:data1\" content=\"2\u00a0Minuten\" \/>\n<script type=\"application\/ld+json\" class=\"yoast-schema-graph\">{\"@context\":\"https:\/\/schema.org\",\"@graph\":[{\"@type\":\"WebPage\",\"@id\":\"https:\/\/fresh.ostprint.ch\/\",\"url\":\"https:\/\/fresh.ostprint.ch\/\",\"name\":\"Willkommen bei Ostprint - Ostprint\",\"isPartOf\":{\"@id\":\"https:\/\/fresh.ostprint.ch\/#website\"},\"datePublished\":\"2025-12-08T08:54:00+00:00\",\"dateModified\":\"2025-12-09T21:29:30+00:00\",\"breadcrumb\":{\"@id\":\"https:\/\/fresh.ostprint.ch\/#breadcrumb\"},\"inLanguage\":\"de-CH\",\"potentialAction\":[{\"@type\":\"ReadAction\",\"target\":[\"https:\/\/fresh.ostprint.ch\/\"]}]},{\"@type\":\"BreadcrumbList\",\"@id\":\"https:\/\/fresh.ostprint.ch\/#breadcrumb\",\"itemListElement\":[{\"@type\":\"ListItem\",\"position\":1,\"name\":\"Startseite\",\"item\":\"https:\/\/fresh.ostprint.ch\/\"},{\"@type\":\"ListItem\",\"position\":2,\"name\":\"Willkommen bei Ostprint\"}]},{\"@type\":\"WebSite\",\"@id\":\"https:\/\/fresh.ostprint.ch\/#website\",\"url\":\"https:\/\/fresh.ostprint.ch\/\",\"name\":\"Ostprint\",\"description\":\"\",\"potentialAction\":[{\"@type\":\"SearchAction\",\"target\":{\"@type\":\"EntryPoint\",\"urlTemplate\":\"https:\/\/fresh.ostprint.ch\/?s={search_term_string}\"},\"query-input\":{\"@type\":\"PropertyValueSpecification\",\"valueRequired\":true,\"valueName\":\"search_term_string\"}}],\"inLanguage\":\"de-CH\"}]}<\/script>\n<!-- \/ Yoast SEO plugin. -->","yoast_head_json":{"title":"Willkommen bei Ostprint - Ostprint","robots":{"index":"noindex","follow":"follow","max-snippet":"max-snippet:-1","max-image-preview":"max-image-preview:large","max-video-preview":"max-video-preview:-1"},"og_locale":"de_DE","og_type":"article","og_title":"Willkommen bei Ostprint - Ostprint","og_description":"Ostprint bietet ein umfassendes Sortiment an Druck- und Werbetechnikl\u00f6sungen, die in der Ostschweiz mit hohem Qualit\u00e4tsanspruch und viel Erfahrung realisiert werden. Stark in Beschriftung und Au\u00dfenwerbung F\u00fcr maximale Sichtbarkeit im Au\u00dfenbereich stehen Fahrzeugbeschriftungen, Geb\u00e4udebeschriftungen, Schilder, Tafeln, Kundenstopper, Werbebanner, Roll-Ups sowie verschiedene Folienl\u00f6sungen wie Selbstklebefolien, Windowfolien, Milchglasfolien, Spiegelfolien und T\u00f6nungsfolien zur Verf\u00fcgung. Jede L\u00f6sung wird auf ... Read more","og_url":"https:\/\/fresh.ostprint.ch\/","og_site_name":"Ostprint","article_modified_time":"2025-12-09T21:29:30+00:00","twitter_card":"summary_large_image","twitter_misc":{"Gesch\u00e4tzte Lesezeit":"2\u00a0Minuten"},"schema":{"@context":"https:\/\/schema.org","@graph":[{"@type":"WebPage","@id":"https:\/\/fresh.ostprint.ch\/","url":"https:\/\/fresh.ostprint.ch\/","name":"Willkommen bei Ostprint - Ostprint","isPartOf":{"@id":"https:\/\/fresh.ostprint.ch\/#website"},"datePublished":"2025-12-08T08:54:00+00:00","dateModified":"2025-12-09T21:29:30+00:00","breadcrumb":{"@id":"https:\/\/fresh.ostprint.ch\/#breadcrumb"},"inLanguage":"de-CH","potentialAction":[{"@type":"ReadAction","target":["https:\/\/fresh.ostprint.ch\/"]}]},{"@type":"BreadcrumbList","@id":"https:\/\/fresh.ostprint.ch\/#breadcrumb","itemListElement":[{"@type":"ListItem","position":1,"name":"Startseite","item":"https:\/\/fresh.ostprint.ch\/"},{"@type":"ListItem","position":2,"name":"Willkommen bei Ostprint"}]},{"@type":"WebSite","@id":"https:\/\/fresh.ostprint.ch\/#website","url":"https:\/\/fresh.ostprint.ch\/","name":"Ostprint","description":"","potentialAction":[{"@type":"SearchAction","target":{"@type":"EntryPoint","urlTemplate":"https:\/\/fresh.ostprint.ch\/?s={search_term_string}"},"query-input":{"@type":"PropertyValueSpecification","valueRequired":true,"valueName":"search_term_string"}}],"inLanguage":"de-CH"}]}},"_links":{"self":[{"href":"https:\/\/fresh.ostprint.ch\/index.php?rest_route=\/wp\/v2\/pages\/7","targetHints":{"allow":["GET"]}}],"collection":[{"href":"https:\/\/fresh.ostprint.ch\/index.php?rest_route=\/wp\/v2\/pages"}],"about":[{"href":"https:\/\/fresh.ostprint.ch\/index.php?rest_route=\/wp\/v2\/types\/page"}],"author":[{"embeddable":true,"href":"https:\/\/fresh.ostprint.ch\/index.php?rest_route=\/wp\/v2\/users\/1"}],"replies":[{"embeddable":true,"href":"https:\/\/fresh.ostprint.ch\/index.php?rest_route=%2Fwp%2Fv2%2Fcomments&post=7"}],"version-history":[{"count":4,"href":"https:\/\/fresh.ostprint.ch\/index.php?rest_route=\/wp\/v2\/pages\/7\/revisions"}],"predecessor-version":[{"id":135,"href":"https:\/\/fresh.ostprint.ch\/index.php?rest_route=\/wp\/v2\/pages\/7\/revisions\/135"}],"wp:attachment":[{"href":"https:\/\/fresh.ostprint.ch\/index.php?rest_route=%2Fwp%2Fv2%2Fmedia&parent=7"}],"curies":[{"name":"wp","href":"https:\/\/api.w.org\/{rel}","templated":true}]}}