{"id":42,"date":"2025-12-09T17:38:49","date_gmt":"2025-12-09T17:38:49","guid":{"rendered":"https:\/\/fresh.ostprint.ch\/?page_id=42"},"modified":"2025-12-09T18:02:33","modified_gmt":"2025-12-09T18:02:33","slug":"kundenstopper","status":"publish","type":"page","link":"https:\/\/fresh.ostprint.ch\/?page_id=42","title":{"rendered":"Kundenstopper"},"content":{"rendered":"\n<p>Die besten Werbetr\u00e4ger werden vermutlich niemals altern, egal welche neuen Produkte und Technologien im Lauf der Zeit neu entwickelt werden. Zu dieser Art von Werbung z\u00e4hlt unzweifelhaft der Kundenstopper \u2013 ein bew\u00e4hrtes, verl\u00e4ssliches und vor allem extrem unkompliziertes Mittel um die Blicke der Kunden auf Produkte und Aktionen zu lenken.<\/p>\n\n\n\n<h3 class=\"wp-block-heading\">Was ist ein Kundenstopper?<\/h3>\n\n\n\n<p>Ein Kundenstopper ist ein aufklappbarer Werbeaufsteller, meist in A-Form, der beidseitig mit Plakaten oder Tafeln best\u00fcckt wird und direkt im Laufweg von Passanten platziert wird. Er geh\u00f6rt zu den klassischen Mitteln der Au\u00dfenwerbung und wird vor allem vor Ladengesch\u00e4ften, in Fu\u00dfg\u00e4ngerzonen oder Einkaufszentren eingesetzt.<\/p>\n\n\n\n<h3 class=\"wp-block-heading\">Zweck und Einsatzbereiche<\/h3>\n\n\n\n<p>Der Hauptzweck eines Kundenstoppers ist es, die Aufmerksamkeit von Passanten zu gewinnen, sie kurz \u201eanzuhalten\u201c und auf Angebote, Aktionen oder Dienstleistungen aufmerksam zu machen. Eingesetzt wird er vor allem im station\u00e4ren Einzelhandel, in der Gastronomie, bei Dienstleistern, auf Messen sowie bei Events oder Informationskampagnen.<\/p>\n\n\n\n<h3 class=\"wp-block-heading\">Vorteile als Werbetr\u00e4ger<\/h3>\n\n\n\n<p>Kundenstopper gelten als kosteneffiziente Werbetr\u00e4ger, da sich Inhalte einfach austauschen lassen und der Aufsteller \u00fcber lange Zeit genutzt werden kann. Durch die Platzierung direkt im Sichtfeld der Laufkundschaft tragen sie messbar dazu bei, mehr Besucher ins Gesch\u00e4ft zu holen und die Sichtbarkeit von Angeboten zu erh\u00f6hen.<\/p>\n\n\n\n<figure class=\"wp-block-gallery has-nested-images columns-default is-cropped wp-block-gallery-1 is-layout-flex wp-block-gallery-is-layout-flex\">\n<figure class=\"wp-block-image size-large\"><img loading=\"lazy\" decoding=\"async\" width=\"1000\" height=\"1000\" data-id=\"43\" src=\"https:\/\/fresh.ostprint.ch\/wp-content\/uploads\/2025\/12\/kundenstopper_3.jpg\" alt=\"\" class=\"wp-image-43\" srcset=\"https:\/\/fresh.ostprint.ch\/wp-content\/uploads\/2025\/12\/kundenstopper_3.jpg 1000w, https:\/\/fresh.ostprint.ch\/wp-content\/uploads\/2025\/12\/kundenstopper_3-300x300.jpg 300w, https:\/\/fresh.ostprint.ch\/wp-content\/uploads\/2025\/12\/kundenstopper_3-150x150.jpg 150w, https:\/\/fresh.ostprint.ch\/wp-content\/uploads\/2025\/12\/kundenstopper_3-768x768.jpg 768w\" sizes=\"auto, (max-width: 1000px) 100vw, 1000px\" \/><\/figure>\n\n\n\n<figure class=\"wp-block-image size-large\"><img loading=\"lazy\" decoding=\"async\" width=\"624\" height=\"624\" data-id=\"44\" src=\"https:\/\/fresh.ostprint.ch\/wp-content\/uploads\/2025\/12\/kundenstopper_2.jpg\" alt=\"\" class=\"wp-image-44\" srcset=\"https:\/\/fresh.ostprint.ch\/wp-content\/uploads\/2025\/12\/kundenstopper_2.jpg 624w, https:\/\/fresh.ostprint.ch\/wp-content\/uploads\/2025\/12\/kundenstopper_2-300x300.jpg 300w, https:\/\/fresh.ostprint.ch\/wp-content\/uploads\/2025\/12\/kundenstopper_2-150x150.jpg 150w\" sizes=\"auto, (max-width: 624px) 100vw, 624px\" \/><\/figure>\n\n\n\n<figure class=\"wp-block-image size-large\"><img loading=\"lazy\" decoding=\"async\" width=\"1000\" height=\"1000\" data-id=\"45\" src=\"https:\/\/fresh.ostprint.ch\/wp-content\/uploads\/2025\/12\/kundenstopper_1.jpg\" alt=\"\" class=\"wp-image-45\" srcset=\"https:\/\/fresh.ostprint.ch\/wp-content\/uploads\/2025\/12\/kundenstopper_1.jpg 1000w, https:\/\/fresh.ostprint.ch\/wp-content\/uploads\/2025\/12\/kundenstopper_1-300x300.jpg 300w, https:\/\/fresh.ostprint.ch\/wp-content\/uploads\/2025\/12\/kundenstopper_1-150x150.jpg 150w, https:\/\/fresh.ostprint.ch\/wp-content\/uploads\/2025\/12\/kundenstopper_1-768x768.jpg 768w\" sizes=\"auto, (max-width: 1000px) 100vw, 1000px\" \/><\/figure>\n<\/figure>\n","protected":false},"excerpt":{"rendered":"<p>Die besten Werbetr\u00e4ger werden vermutlich niemals altern, egal welche neuen Produkte und Technologien im Lauf der Zeit neu entwickelt werden. Zu dieser Art von Werbung z\u00e4hlt unzweifelhaft der Kundenstopper \u2013 ein bew\u00e4hrtes, verl\u00e4ssliches und vor allem extrem unkompliziertes Mittel um die Blicke der Kunden auf Produkte und Aktionen zu lenken. Was ist ein Kundenstopper? Ein &#8230; <a title=\"Kundenstopper\" class=\"read-more\" href=\"https:\/\/fresh.ostprint.ch\/?page_id=42\" aria-label=\"Read more about Kundenstopper\">Read more<\/a><\/p>\n","protected":false},"author":1,"featured_media":0,"parent":13,"menu_order":0,"comment_status":"closed","ping_status":"closed","template":"","meta":{"footnotes":""},"class_list":["post-42","page","type-page","status-publish"],"yoast_head":"<!-- This site is optimized with the Yoast SEO plugin v26.5 - https:\/\/yoast.com\/wordpress\/plugins\/seo\/ -->\n<title>Kundenstopper - Ostprint<\/title>\n<meta name=\"robots\" content=\"noindex, follow, max-snippet:-1, max-image-preview:large, max-video-preview:-1\" \/>\n<meta property=\"og:locale\" content=\"de_DE\" \/>\n<meta property=\"og:type\" content=\"article\" \/>\n<meta property=\"og:title\" content=\"Kundenstopper - Ostprint\" \/>\n<meta property=\"og:description\" content=\"Die besten Werbetr\u00e4ger werden vermutlich niemals altern, egal welche neuen Produkte und Technologien im Lauf der Zeit neu entwickelt werden. Zu dieser Art von Werbung z\u00e4hlt unzweifelhaft der Kundenstopper \u2013 ein bew\u00e4hrtes, verl\u00e4ssliches und vor allem extrem unkompliziertes Mittel um die Blicke der Kunden auf Produkte und Aktionen zu lenken. Was ist ein Kundenstopper? Ein ... Read more\" \/>\n<meta property=\"og:url\" content=\"https:\/\/fresh.ostprint.ch\/?page_id=42\" \/>\n<meta property=\"og:site_name\" content=\"Ostprint\" \/>\n<meta property=\"article:modified_time\" content=\"2025-12-09T18:02:33+00:00\" \/>\n<meta property=\"og:image\" content=\"https:\/\/fresh.ostprint.ch\/wp-content\/uploads\/2025\/12\/kundenstopper_3.jpg\" \/>\n\t<meta property=\"og:image:width\" content=\"1000\" \/>\n\t<meta property=\"og:image:height\" content=\"1000\" \/>\n\t<meta property=\"og:image:type\" content=\"image\/jpeg\" \/>\n<meta name=\"twitter:card\" content=\"summary_large_image\" \/>\n<meta name=\"twitter:label1\" content=\"Gesch\u00e4tzte Lesezeit\" \/>\n\t<meta name=\"twitter:data1\" content=\"2\u00a0Minuten\" \/>\n<script type=\"application\/ld+json\" class=\"yoast-schema-graph\">{\"@context\":\"https:\/\/schema.org\",\"@graph\":[{\"@type\":\"WebPage\",\"@id\":\"https:\/\/fresh.ostprint.ch\/?page_id=42\",\"url\":\"https:\/\/fresh.ostprint.ch\/?page_id=42\",\"name\":\"Kundenstopper - Ostprint\",\"isPartOf\":{\"@id\":\"https:\/\/fresh.ostprint.ch\/#website\"},\"primaryImageOfPage\":{\"@id\":\"https:\/\/fresh.ostprint.ch\/?page_id=42#primaryimage\"},\"image\":{\"@id\":\"https:\/\/fresh.ostprint.ch\/?page_id=42#primaryimage\"},\"thumbnailUrl\":\"https:\/\/fresh.ostprint.ch\/wp-content\/uploads\/2025\/12\/kundenstopper_3.jpg\",\"datePublished\":\"2025-12-09T17:38:49+00:00\",\"dateModified\":\"2025-12-09T18:02:33+00:00\",\"breadcrumb\":{\"@id\":\"https:\/\/fresh.ostprint.ch\/?page_id=42#breadcrumb\"},\"inLanguage\":\"de-CH\",\"potentialAction\":[{\"@type\":\"ReadAction\",\"target\":[\"https:\/\/fresh.ostprint.ch\/?page_id=42\"]}]},{\"@type\":\"ImageObject\",\"inLanguage\":\"de-CH\",\"@id\":\"https:\/\/fresh.ostprint.ch\/?page_id=42#primaryimage\",\"url\":\"https:\/\/fresh.ostprint.ch\/wp-content\/uploads\/2025\/12\/kundenstopper_3.jpg\",\"contentUrl\":\"https:\/\/fresh.ostprint.ch\/wp-content\/uploads\/2025\/12\/kundenstopper_3.jpg\",\"width\":1000,\"height\":1000},{\"@type\":\"BreadcrumbList\",\"@id\":\"https:\/\/fresh.ostprint.ch\/?page_id=42#breadcrumb\",\"itemListElement\":[{\"@type\":\"ListItem\",\"position\":1,\"name\":\"Startseite\",\"item\":\"https:\/\/fresh.ostprint.ch\/\"},{\"@type\":\"ListItem\",\"position\":2,\"name\":\"Werbemittel\",\"item\":\"https:\/\/fresh.ostprint.ch\/?page_id=13\"},{\"@type\":\"ListItem\",\"position\":3,\"name\":\"Kundenstopper\"}]},{\"@type\":\"WebSite\",\"@id\":\"https:\/\/fresh.ostprint.ch\/#website\",\"url\":\"https:\/\/fresh.ostprint.ch\/\",\"name\":\"Ostprint\",\"description\":\"\",\"potentialAction\":[{\"@type\":\"SearchAction\",\"target\":{\"@type\":\"EntryPoint\",\"urlTemplate\":\"https:\/\/fresh.ostprint.ch\/?s={search_term_string}\"},\"query-input\":{\"@type\":\"PropertyValueSpecification\",\"valueRequired\":true,\"valueName\":\"search_term_string\"}}],\"inLanguage\":\"de-CH\"}]}<\/script>\n<!-- \/ Yoast SEO plugin. -->","yoast_head_json":{"title":"Kundenstopper - Ostprint","robots":{"index":"noindex","follow":"follow","max-snippet":"max-snippet:-1","max-image-preview":"max-image-preview:large","max-video-preview":"max-video-preview:-1"},"og_locale":"de_DE","og_type":"article","og_title":"Kundenstopper - Ostprint","og_description":"Die besten Werbetr\u00e4ger werden vermutlich niemals altern, egal welche neuen Produkte und Technologien im Lauf der Zeit neu entwickelt werden. Zu dieser Art von Werbung z\u00e4hlt unzweifelhaft der Kundenstopper \u2013 ein bew\u00e4hrtes, verl\u00e4ssliches und vor allem extrem unkompliziertes Mittel um die Blicke der Kunden auf Produkte und Aktionen zu lenken. Was ist ein Kundenstopper? Ein ... Read more","og_url":"https:\/\/fresh.ostprint.ch\/?page_id=42","og_site_name":"Ostprint","article_modified_time":"2025-12-09T18:02:33+00:00","og_image":[{"width":1000,"height":1000,"url":"https:\/\/fresh.ostprint.ch\/wp-content\/uploads\/2025\/12\/kundenstopper_3.jpg","type":"image\/jpeg"}],"twitter_card":"summary_large_image","twitter_misc":{"Gesch\u00e4tzte Lesezeit":"2\u00a0Minuten"},"schema":{"@context":"https:\/\/schema.org","@graph":[{"@type":"WebPage","@id":"https:\/\/fresh.ostprint.ch\/?page_id=42","url":"https:\/\/fresh.ostprint.ch\/?page_id=42","name":"Kundenstopper - Ostprint","isPartOf":{"@id":"https:\/\/fresh.ostprint.ch\/#website"},"primaryImageOfPage":{"@id":"https:\/\/fresh.ostprint.ch\/?page_id=42#primaryimage"},"image":{"@id":"https:\/\/fresh.ostprint.ch\/?page_id=42#primaryimage"},"thumbnailUrl":"https:\/\/fresh.ostprint.ch\/wp-content\/uploads\/2025\/12\/kundenstopper_3.jpg","datePublished":"2025-12-09T17:38:49+00:00","dateModified":"2025-12-09T18:02:33+00:00","breadcrumb":{"@id":"https:\/\/fresh.ostprint.ch\/?page_id=42#breadcrumb"},"inLanguage":"de-CH","potentialAction":[{"@type":"ReadAction","target":["https:\/\/fresh.ostprint.ch\/?page_id=42"]}]},{"@type":"ImageObject","inLanguage":"de-CH","@id":"https:\/\/fresh.ostprint.ch\/?page_id=42#primaryimage","url":"https:\/\/fresh.ostprint.ch\/wp-content\/uploads\/2025\/12\/kundenstopper_3.jpg","contentUrl":"https:\/\/fresh.ostprint.ch\/wp-content\/uploads\/2025\/12\/kundenstopper_3.jpg","width":1000,"height":1000},{"@type":"BreadcrumbList","@id":"https:\/\/fresh.ostprint.ch\/?page_id=42#breadcrumb","itemListElement":[{"@type":"ListItem","position":1,"name":"Startseite","item":"https:\/\/fresh.ostprint.ch\/"},{"@type":"ListItem","position":2,"name":"Werbemittel","item":"https:\/\/fresh.ostprint.ch\/?page_id=13"},{"@type":"ListItem","position":3,"name":"Kundenstopper"}]},{"@type":"WebSite","@id":"https:\/\/fresh.ostprint.ch\/#website","url":"https:\/\/fresh.ostprint.ch\/","name":"Ostprint","description":"","potentialAction":[{"@type":"SearchAction","target":{"@type":"EntryPoint","urlTemplate":"https:\/\/fresh.ostprint.ch\/?s={search_term_string}"},"query-input":{"@type":"PropertyValueSpecification","valueRequired":true,"valueName":"search_term_string"}}],"inLanguage":"de-CH"}]}},"_links":{"self":[{"href":"https:\/\/fresh.ostprint.ch\/index.php?rest_route=\/wp\/v2\/pages\/42","targetHints":{"allow":["GET"]}}],"collection":[{"href":"https:\/\/fresh.ostprint.ch\/index.php?rest_route=\/wp\/v2\/pages"}],"about":[{"href":"https:\/\/fresh.ostprint.ch\/index.php?rest_route=\/wp\/v2\/types\/page"}],"author":[{"embeddable":true,"href":"https:\/\/fresh.ostprint.ch\/index.php?rest_route=\/wp\/v2\/users\/1"}],"replies":[{"embeddable":true,"href":"https:\/\/fresh.ostprint.ch\/index.php?rest_route=%2Fwp%2Fv2%2Fcomments&post=42"}],"version-history":[{"count":3,"href":"https:\/\/fresh.ostprint.ch\/index.php?rest_route=\/wp\/v2\/pages\/42\/revisions"}],"predecessor-version":[{"id":65,"href":"https:\/\/fresh.ostprint.ch\/index.php?rest_route=\/wp\/v2\/pages\/42\/revisions\/65"}],"up":[{"embeddable":true,"href":"https:\/\/fresh.ostprint.ch\/index.php?rest_route=\/wp\/v2\/pages\/13"}],"wp:attachment":[{"href":"https:\/\/fresh.ostprint.ch\/index.php?rest_route=%2Fwp%2Fv2%2Fmedia&parent=42"}],"curies":[{"name":"wp","href":"https:\/\/api.w.org\/{rel}","templated":true}]}}