{"id":34,"date":"2025-12-08T09:06:14","date_gmt":"2025-12-08T09:06:14","guid":{"rendered":"https:\/\/fresh.ostprint.ch\/?page_id=34"},"modified":"2025-12-09T20:49:26","modified_gmt":"2025-12-09T20:49:26","slug":"datenanlieferung","status":"publish","type":"page","link":"https:\/\/fresh.ostprint.ch\/?page_id=34","title":{"rendered":"Datenanlieferung"},"content":{"rendered":"\n<p><\/p>\n\n\n\n<p>Bei der Anlieferung gehen wir von fehlerfrei angelieferten CMYK-Dateien im PDF\/X-3-Format aus. Bei eventuellen M\u00e4ngeln, die einwandfrei ersichtlich sind nehmen wir unverz\u00fcglich Kontakt mit Ihnen auf.<\/p>\n\n\n\n<p><\/p>\n\n\n\n<h3 class=\"wp-block-heading\"><strong>Grunds\u00e4tzliches zur Datenanlieferung:<\/strong><\/h3>\n\n\n\n<p>Bei der \u00dcbernahme von digitalen Daten gibt es grunds\u00e4tzlich keinen einheitlichen Standard. Um verl\u00e4ngerte Reproduktionszeiten zu verhindern und zus\u00e4tzliche Kosten zu vermeiden soll Ihnen unser Leitfaden Tipps und Hinweise geben, um einen reibungslosen Ablauf gew\u00e4hrleisten zu k\u00f6nnen.<\/p>\n\n\n\n<p>Die Vollst\u00e4ndigkeit und sachliche Richtigkeit Ihrer Daten liegt au\u00dferhalb unserer Verantwortung. Ein beigef\u00fcgter Ausdruck Ihrer Daten dient der Kontrolle und ist zur \u00dcberpr\u00fcfung von Stand, Inhalt und Reihenfolge dienlich.<\/p>\n\n\n\n<h4 class=\"wp-block-heading\"><strong>Offene Daten:<\/strong><\/h4>\n\n\n\n<p>Grunds\u00e4tzlich ist die Anlieferung von PDFDaten im CMYK-Farbmodus die beste Variante. Gegebenenfalls k\u00f6nnen wir Daten aus g\u00e4ngigen Programmen ebenfalls verarbeiten. Bei Microsoft-Programmen wie Word, Excel, Powerpoint, Puplisher, etc. bitten wir Sie um R\u00fcckfrage.<\/p>\n\n\n\n<p>Grunds\u00e4tzlich sollte die von Ihnen angelieferten Druck-Dateien nur die Seiten enthalten die tats\u00e4chlich gedruckt werden sollen. Falls Seiten aus irgendeinen Grund nicht in der tats\u00e4chlichen Druckreihenfolge sind, oder Seiten eines Produktes in verschiedenen Programmen angeliefert werden sollten Sie uns unbedingt einen korrekten Ausdruck zukommen lassen anhand dessen wir die Reihenfolge ersehen k\u00f6nnen.<\/p>\n\n\n\n<h4 class=\"wp-block-heading\"><strong>PDF-Erzeugung:<\/strong><\/h4>\n\n\n\n<p>Beachten Sie bei der PDF-Erzeugung, dass Sie ein druckf\u00e4higes PDF erzeugen und auch alle Schriften mit einbetten!<\/p>\n\n\n\n<h4 class=\"wp-block-heading\"><strong>Tipp:<\/strong><\/h4>\n\n\n\n<p>PDF\/X-3 ist allgemein als die Universall\u00f6sung f\u00fcr die Druckdaten\u00fcbertragung verwendbar.<\/p>\n\n\n\n<h4 class=\"wp-block-heading\"><strong>Achtung:<\/strong><\/h4>\n\n\n\n<p>Bei der Erstellung eines PDF\/X-3 wird Ihr Dokument NICHT auf Fehler wie z.B. zu niedrige Bildaufl\u00f6sung, Strichst\u00e4rken, Transparenzen u.\u00e4. \u00fcberpr\u00fcft.<\/p>\n\n\n\n<h4 class=\"wp-block-heading\"><strong>Schriften:<\/strong><\/h4>\n\n\n\n<p>Um die Daten korrekt weiterverarbeiten zu k\u00f6nnen, m\u00fcssen die von Ihnen verwendeten Schriften in unserem System vorhanden sein d. h. Schriften bei offenen Daten IMMER mitliefern bzw. bei einem PDF Schriften mit einbinden! Beigestellte Daten mit fehlenden Schriften werden von Ostprint Ranak&amp;Co. nicht automatisch erg\u00e4nzt da es dabei zu einer Ver\u00e4nderung des Layout\u2018s f\u00fchren kann. Bei Grafiken (z.B. Illustrator) gegebenenfalls die Schriften einbinden oder in Zeichenwege \/ Pfade umwandeln.<\/p>\n\n\n\n<h4 class=\"wp-block-heading\"><strong>R\u00e4nder:<\/strong><\/h4>\n\n\n\n<p>Beachten Sie bitte, dass es zu kleineren Unregelm\u00e4\u00dfigkeiten bzw. Schneidedifferenzen kommen kann. Vermeiden Sie daher schmale R\u00e4nder und die Platzierung von Schrift nahe am Rand.<\/p>\n\n\n\n<p>BESCHNITTZUGABE (\u00dcberf\u00fcller, Anschnitt) Elemente\/Bilder die bis zur Endformatkante reichen, m\u00fcssen mindestens 3 mm \u00fcber das Endformat ragen, also in den Beschnitt. Diese dienen als Spielraum bei etwaigen Schneidedifferenzen.<\/p>\n\n\n\n<h4 class=\"wp-block-heading\"><strong>Farben:<\/strong><\/h4>\n\n\n\n<p>Wir drucken im CMYK-Farb-Modus! Das hei\u00dft um ein bestm\u00f6gliches Druckergebniss erzielen zu k\u00f6nnen sollten deswegen alle Farben und auch Bilder im CMYK-Modus angelegt sein. Eingriffe auf den Farbmodus (umwandeln der Farben) unsererseits ist m\u00f6glich. Es kann jedoch keine Gew\u00e4hr f\u00fcr die farbliche Richtigkeit \u00fcbernommen werden und der Eingriff ist auch mit Kosten verbunden.<\/p>\n\n\n\n<h4 class=\"wp-block-heading\"><strong>Aufl\u00f6sung:<\/strong><\/h4>\n\n\n\n<p>Die empfohlene Mindestaufl\u00f6sung betr\u00e4gt 300dpi bei CMYK und Graustufenscans. Strichscans sollten mindestens eine Aufl\u00f6sung von 1200 dpi haben um unerw\u00fcnschte, unsch\u00f6ne Treppeneffekte zu vermeiden.<\/p>\n","protected":false},"excerpt":{"rendered":"<p>Bei der Anlieferung gehen wir von fehlerfrei angelieferten CMYK-Dateien im PDF\/X-3-Format aus. Bei eventuellen M\u00e4ngeln, die einwandfrei ersichtlich sind nehmen wir unverz\u00fcglich Kontakt mit Ihnen auf. Grunds\u00e4tzliches zur Datenanlieferung: Bei der \u00dcbernahme von digitalen Daten gibt es grunds\u00e4tzlich keinen einheitlichen Standard. Um verl\u00e4ngerte Reproduktionszeiten zu verhindern und zus\u00e4tzliche Kosten zu vermeiden soll Ihnen unser Leitfaden &#8230; <a title=\"Datenanlieferung\" class=\"read-more\" href=\"https:\/\/fresh.ostprint.ch\/?page_id=34\" aria-label=\"Read more about Datenanlieferung\">Read more<\/a><\/p>\n","protected":false},"author":1,"featured_media":0,"parent":0,"menu_order":0,"comment_status":"closed","ping_status":"closed","template":"","meta":{"footnotes":""},"class_list":["post-34","page","type-page","status-publish"],"yoast_head":"<!-- This site is optimized with the Yoast SEO plugin v26.5 - https:\/\/yoast.com\/wordpress\/plugins\/seo\/ -->\n<title>Datenanlieferung - Ostprint<\/title>\n<meta name=\"robots\" content=\"noindex, follow, max-snippet:-1, max-image-preview:large, max-video-preview:-1\" \/>\n<meta property=\"og:locale\" content=\"de_DE\" \/>\n<meta property=\"og:type\" content=\"article\" \/>\n<meta property=\"og:title\" content=\"Datenanlieferung - Ostprint\" \/>\n<meta property=\"og:description\" content=\"Bei der Anlieferung gehen wir von fehlerfrei angelieferten CMYK-Dateien im PDF\/X-3-Format aus. Bei eventuellen M\u00e4ngeln, die einwandfrei ersichtlich sind nehmen wir unverz\u00fcglich Kontakt mit Ihnen auf. Grunds\u00e4tzliches zur Datenanlieferung: Bei der \u00dcbernahme von digitalen Daten gibt es grunds\u00e4tzlich keinen einheitlichen Standard. Um verl\u00e4ngerte Reproduktionszeiten zu verhindern und zus\u00e4tzliche Kosten zu vermeiden soll Ihnen unser Leitfaden ... Read more\" \/>\n<meta property=\"og:url\" content=\"https:\/\/fresh.ostprint.ch\/?page_id=34\" \/>\n<meta property=\"og:site_name\" content=\"Ostprint\" \/>\n<meta property=\"article:modified_time\" content=\"2025-12-09T20:49:26+00:00\" \/>\n<meta name=\"twitter:card\" content=\"summary_large_image\" \/>\n<meta name=\"twitter:label1\" content=\"Gesch\u00e4tzte Lesezeit\" \/>\n\t<meta name=\"twitter:data1\" content=\"3\u00a0Minuten\" \/>\n<script type=\"application\/ld+json\" class=\"yoast-schema-graph\">{\"@context\":\"https:\/\/schema.org\",\"@graph\":[{\"@type\":\"WebPage\",\"@id\":\"https:\/\/fresh.ostprint.ch\/?page_id=34\",\"url\":\"https:\/\/fresh.ostprint.ch\/?page_id=34\",\"name\":\"Datenanlieferung - Ostprint\",\"isPartOf\":{\"@id\":\"https:\/\/fresh.ostprint.ch\/#website\"},\"datePublished\":\"2025-12-08T09:06:14+00:00\",\"dateModified\":\"2025-12-09T20:49:26+00:00\",\"breadcrumb\":{\"@id\":\"https:\/\/fresh.ostprint.ch\/?page_id=34#breadcrumb\"},\"inLanguage\":\"de-CH\",\"potentialAction\":[{\"@type\":\"ReadAction\",\"target\":[\"https:\/\/fresh.ostprint.ch\/?page_id=34\"]}]},{\"@type\":\"BreadcrumbList\",\"@id\":\"https:\/\/fresh.ostprint.ch\/?page_id=34#breadcrumb\",\"itemListElement\":[{\"@type\":\"ListItem\",\"position\":1,\"name\":\"Startseite\",\"item\":\"https:\/\/fresh.ostprint.ch\/\"},{\"@type\":\"ListItem\",\"position\":2,\"name\":\"Datenanlieferung\"}]},{\"@type\":\"WebSite\",\"@id\":\"https:\/\/fresh.ostprint.ch\/#website\",\"url\":\"https:\/\/fresh.ostprint.ch\/\",\"name\":\"Ostprint\",\"description\":\"\",\"potentialAction\":[{\"@type\":\"SearchAction\",\"target\":{\"@type\":\"EntryPoint\",\"urlTemplate\":\"https:\/\/fresh.ostprint.ch\/?s={search_term_string}\"},\"query-input\":{\"@type\":\"PropertyValueSpecification\",\"valueRequired\":true,\"valueName\":\"search_term_string\"}}],\"inLanguage\":\"de-CH\"}]}<\/script>\n<!-- \/ Yoast SEO plugin. -->","yoast_head_json":{"title":"Datenanlieferung - Ostprint","robots":{"index":"noindex","follow":"follow","max-snippet":"max-snippet:-1","max-image-preview":"max-image-preview:large","max-video-preview":"max-video-preview:-1"},"og_locale":"de_DE","og_type":"article","og_title":"Datenanlieferung - Ostprint","og_description":"Bei der Anlieferung gehen wir von fehlerfrei angelieferten CMYK-Dateien im PDF\/X-3-Format aus. Bei eventuellen M\u00e4ngeln, die einwandfrei ersichtlich sind nehmen wir unverz\u00fcglich Kontakt mit Ihnen auf. Grunds\u00e4tzliches zur Datenanlieferung: Bei der \u00dcbernahme von digitalen Daten gibt es grunds\u00e4tzlich keinen einheitlichen Standard. Um verl\u00e4ngerte Reproduktionszeiten zu verhindern und zus\u00e4tzliche Kosten zu vermeiden soll Ihnen unser Leitfaden ... Read more","og_url":"https:\/\/fresh.ostprint.ch\/?page_id=34","og_site_name":"Ostprint","article_modified_time":"2025-12-09T20:49:26+00:00","twitter_card":"summary_large_image","twitter_misc":{"Gesch\u00e4tzte Lesezeit":"3\u00a0Minuten"},"schema":{"@context":"https:\/\/schema.org","@graph":[{"@type":"WebPage","@id":"https:\/\/fresh.ostprint.ch\/?page_id=34","url":"https:\/\/fresh.ostprint.ch\/?page_id=34","name":"Datenanlieferung - Ostprint","isPartOf":{"@id":"https:\/\/fresh.ostprint.ch\/#website"},"datePublished":"2025-12-08T09:06:14+00:00","dateModified":"2025-12-09T20:49:26+00:00","breadcrumb":{"@id":"https:\/\/fresh.ostprint.ch\/?page_id=34#breadcrumb"},"inLanguage":"de-CH","potentialAction":[{"@type":"ReadAction","target":["https:\/\/fresh.ostprint.ch\/?page_id=34"]}]},{"@type":"BreadcrumbList","@id":"https:\/\/fresh.ostprint.ch\/?page_id=34#breadcrumb","itemListElement":[{"@type":"ListItem","position":1,"name":"Startseite","item":"https:\/\/fresh.ostprint.ch\/"},{"@type":"ListItem","position":2,"name":"Datenanlieferung"}]},{"@type":"WebSite","@id":"https:\/\/fresh.ostprint.ch\/#website","url":"https:\/\/fresh.ostprint.ch\/","name":"Ostprint","description":"","potentialAction":[{"@type":"SearchAction","target":{"@type":"EntryPoint","urlTemplate":"https:\/\/fresh.ostprint.ch\/?s={search_term_string}"},"query-input":{"@type":"PropertyValueSpecification","valueRequired":true,"valueName":"search_term_string"}}],"inLanguage":"de-CH"}]}},"_links":{"self":[{"href":"https:\/\/fresh.ostprint.ch\/index.php?rest_route=\/wp\/v2\/pages\/34","targetHints":{"allow":["GET"]}}],"collection":[{"href":"https:\/\/fresh.ostprint.ch\/index.php?rest_route=\/wp\/v2\/pages"}],"about":[{"href":"https:\/\/fresh.ostprint.ch\/index.php?rest_route=\/wp\/v2\/types\/page"}],"author":[{"embeddable":true,"href":"https:\/\/fresh.ostprint.ch\/index.php?rest_route=\/wp\/v2\/users\/1"}],"replies":[{"embeddable":true,"href":"https:\/\/fresh.ostprint.ch\/index.php?rest_route=%2Fwp%2Fv2%2Fcomments&post=34"}],"version-history":[{"count":4,"href":"https:\/\/fresh.ostprint.ch\/index.php?rest_route=\/wp\/v2\/pages\/34\/revisions"}],"predecessor-version":[{"id":124,"href":"https:\/\/fresh.ostprint.ch\/index.php?rest_route=\/wp\/v2\/pages\/34\/revisions\/124"}],"wp:attachment":[{"href":"https:\/\/fresh.ostprint.ch\/index.php?rest_route=%2Fwp%2Fv2%2Fmedia&parent=34"}],"curies":[{"name":"wp","href":"https:\/\/api.w.org\/{rel}","templated":true}]}}