{"id":32,"date":"2025-12-08T09:06:05","date_gmt":"2025-12-08T09:06:05","guid":{"rendered":"https:\/\/fresh.ostprint.ch\/?page_id=32"},"modified":"2025-12-09T20:47:15","modified_gmt":"2025-12-09T20:47:15","slug":"agb","status":"publish","type":"page","link":"https:\/\/fresh.ostprint.ch\/?page_id=32","title":{"rendered":"AGB"},"content":{"rendered":"\n<p>Allgemeine Gesch\u00e4ftsbedingungen Ostprint Beschriftungen GmbH Stand 01.01.2014<\/p>\n\n\n\n<h4 class=\"wp-block-heading\"><strong>1. Geltungsbereich<\/strong><\/h4>\n\n\n\n<p>Diese Allgemeinen Gesch\u00e4ftsbedingungen (nachfolgend AGB genannt) gelten f\u00fcr alle, auch k\u00fcnftige vertragliche Rechtsbeziehungen zwischen Ostprint Beschriftungen GmbH und ihren Kunden im gesamten Produkte- und Dienstleistungsbereich, soweit nicht schriftlich andere Vereinbarungen getroffen wurden. Die Abgabe einer Bestellung schlie\u00dft die Anerkennung dieser AGB durch den Kunden ein. Der Kunde verzichtet hiermit ausdr\u00fccklich darauf, seine eigenen Gesch\u00e4ftsbedingungen geltend zu machen.<\/p>\n\n\n\n<h4 class=\"wp-block-heading\"><strong>2. Bestellungen \/ Anfragen<\/strong><\/h4>\n\n\n\n<p>Bestellungen und Offertenanfragen sind grunds\u00e4tzlich schriftlich an uns zu richten. Bei m\u00fcndlichen Bestellungen und Anfragen ohne schriftliche Best\u00e4tigung lehnen wir die Haftung f\u00fcr Fehler, die aus Missverst\u00e4ndnissen entstehen, ab.<\/p>\n\n\n\n<h4 class=\"wp-block-heading\"><strong>3. Preise und Versandkosten<\/strong><\/h4>\n\n\n\n<p>Ma\u00dfgebend sind unsere schriftlich offerierten Preise zum Zeitpunkt des Vertragsabschlusses. Sie verstehen sich exkl. MwSt, Porto und Verpackung in Schweizer Franken oder in der offerieren bzw. best\u00e4tigten W\u00e4hrung.F\u00fcr Porto-, Transport- und Verpackungskosten werden unsere jeweils g\u00fcltigen Pauschalzuschl\u00e4ge erhoben. Das Verpackungsmaterial wird in der Regel nicht zur\u00fcckgenommen.<\/p>\n\n\n\n<h4 class=\"wp-block-heading\"><strong>4. Lieferfrist<\/strong><\/h4>\n\n\n\n<p>Die in unseren Angeboten und Best\u00e4tigungen angegebenen Lieferfristen sind als ann\u00e4hernd und freibleibend zu betrachten. Unvorhersehbare Ereignisse h\u00f6herer Gewalt bleiben vorbehalten. F\u00fcr Logo- und Textsystem-Auftr\u00e4ge sowie f\u00fcr Digitaldrucke gelten je nach Umfang Lieferfristen von 2 bis 5 Arbeitstagen. F\u00fcr Spezialanfertigungen und Montagen vor Ort werden Termine nach Absprache vereinbart.<br>Bei einer vereinbarten Anzahlung beginnt die Lieferfrist nach Leistung der Anzahlung zu laufen.<\/p>\n\n\n\n<h4 class=\"wp-block-heading\"><strong>5. Lieferung<\/strong><\/h4>\n\n\n\n<p>Die Lieferung erfolgt auf Gefahr des Bestellers. Befindet sich der Besteller mit der Annahme in Verzug, lagert die zum Liefertermin fertig gestellte Ware bis zur Abholung auf Rechnung und Gefahr des Bestellers bei uns. Bei Serienproduktionen werden Mehr- und Minderlieferungen bis 10% der in Auftrag gegebenen St\u00fcckzahl vom Besteller akzeptiert. Es wird die effektiv gelieferte Menge fakturiert.<\/p>\n\n\n\n<h4 class=\"wp-block-heading\"><strong>6.Kleinmengenzuschlag<\/strong><\/h4>\n\n\n\n<p>Bei Bestellungen unter CHF 30.- Nettowarenwert wird der fehlende Differenzbetrag bis 30.- zus\u00e4tzlich verrechnet.<\/p>\n\n\n\n<h4 class=\"wp-block-heading\"><strong>7. M\u00e4ngelr\u00fcge<\/strong><\/h4>\n\n\n\n<p>Der Besteller hat uns jeden Mangel, den er r\u00fcgen will, innerhalb von 5 Tagen ab Lieferdatum schriftlich anzuzeigen. Vor einer R\u00fccksendung sind wir in jedem Fall zu orientieren. Geht bei uns innert dieser Frist keine M\u00e4ngelr\u00fcge des Bestellers ein, so gilt das Werk nach Art. 370 OR als genehmigt.<\/p>\n\n\n\n<h4 class=\"wp-block-heading\"><strong>8. Garantie und Haftung<\/strong><\/h4>\n\n\n\n<p>Verursachen sturmartige Winde oder andere Unwettereinfl\u00fcsse Sch\u00e4den an unseren Produkten, ist die Haftung von Ostprint Beschriftungen GmbH daf\u00fcr sowie f\u00fcr allf\u00e4llige Folgesch\u00e4den wegbedungen. Sollte ausnahmsweise ein Mangel eintreten, so r\u00e4umt der Kunde von Ostprint Beschriftungen GmbH das Recht ein, die mangelhafte Ware so rasch als m\u00f6glich kostenlos zu ersetzen oder zu verbessern. Erst in 2. Priorit\u00e4t darf der Kunde eine angemessene Preisminderung verlangen. Die Ware wird nur dann kostenfrei zur\u00fcckgenommen, wenn dem Besteller weder Ersatz oder Verbesserung der Ware noch eine Preisminderung billigerweise zugemutet werden kann.<\/p>\n\n\n\n<h4 class=\"wp-block-heading\"><strong>9. Urheber- oder Reproduktionsrechte<\/strong><\/h4>\n\n\n\n<p>Der Besteller haftet f\u00fcr allf\u00e4llige Verletzungen von Urheber-, Reproduktions- und Herstellungsrechten in Bezug auf seine Bestellung. Eine Haftung von Ostprint Beschriftungen GmbH ist ausgeschlossen.<\/p>\n\n\n\n<h4 class=\"wp-block-heading\"><strong>10. Zahlungen<\/strong><\/h4>\n\n\n\n<p>Zahlung innert 15 Tagen netto ohne Skontoabzug. Ostprint Beschriftungen GmbH ist berechtigt, die \u00fcblichen Verzugszinsen zu verlangen.<br>WIR-Zahlungen werden keine akzeptiert. Je nach Auftragsart behalten wir uns vor, folgende Zahlungsweise zu verlangen: 1\/3 der Auftragssumme bei Vertragsabschluss, 1\/3 bei Teilablieferung und 1\/3 15 Tage nach erfolgter restlicher Rechnungsstellung. Zudem kann Ostprint Beschriftungen GmbH auch Barzahlung oder Zahlung innert 30 Tagen netto ohne Skontoabz\u00fcge verlangen.<\/p>\n\n\n\n<h4 class=\"wp-block-heading\"><strong>11. Kontroll- und Pr\u00fcfdokumente\/\u201eGut zum Druck\u201c<\/strong><\/h4>\n\n\n\n<p>Der Kunde ist verpflichtet, die ihm vor der Endfertigung zugestellten Kontroll- und Pr\u00fcfdokumente (Andrucke, Kopien, Dateien usw.) in jedem Fall unverz\u00fcglich auf Fehler zu \u00fcberpr\u00fcfen, diese mit dem \u201eGut zum Druck\u201c und allf\u00e4lligen Korrekturanweisungen versehen und innerhalb der vereinbarten Frist zur\u00fcckzugeben. Bei Stillschweigen auf eine seitens Ostprint Beschriftungen GmbH \u00fcbermittelten Best\u00e4tigung gilt diese als innert der durch die Notwendigkeit der Auftragsabwicklung bestimmten oder einer ausdr\u00fccklich gesetzten Frist als genehmigt. Ostprint Beschriftungen GmbH haftet nicht f\u00fcr vom Kunden \u00fcbersehene M\u00e4ngel. Telefonisch aufgegebene Korrekturen und \u00c4nderungen m\u00fcssen vom Kunden umgehend schriftlich best\u00e4tigt werden; ansonsten k\u00f6nnen keine Rechtswirkungen abgeleitet werden.<\/p>\n\n\n\n<h4 class=\"wp-block-heading\"><strong>12. Haftungsbeschr\u00e4nkungen<\/strong><\/h4>\n\n\n\n<p>Ostprint Beschriftungen GmbH als auch ihre Erf\u00fcllungsgehilfen haftet dem Kunden gegen\u00fcber nur f\u00fcr rechtswidrige Absicht und grobe Fahrl\u00e4ssigkeit. In jedem Fall wird eine \u00fcber den Auftragswert hinausgehende Haftung f\u00fcr Sch\u00e4den wegbedungen. F\u00fcr vom Kunden angelieferte Daten, die inhaltlich fehlerhaft oder unvollst\u00e4ndig sind, \u00fcbernimmt Ostprint Beschriftungen GmbH keinerlei Verantwortung. Ebenfalls wird jede Haftung abgelehnt, wenn angelieferte Daten nicht standardm\u00e4\u00dfig verarbeitet oder verwendet werden k\u00f6nnen und dadurch qualitative M\u00e4ngel des Druckproduktes entstehen. Eine Haftung f\u00fcr Datenverluste von angelieferten und weiter zu bearbeitenden Dateien wird von Ostprint Beschriftungen GmbH nicht \u00fcbernommen. Die Pflicht zur Datensicherung obliegt allein dem Kunden. Ostprint Beschriftungen GmbH ist berechtigt, eine Kopie der Ursprungsdateien f\u00fcr Zwecke der Bearbeitung anzufertigen. Bez\u00fcglich Inhalten. Spracheigenschaft oder Grammatik, etc. in den Unterlagen, die Ostprint Beschriftungen GmbH vom Kunden geliefert werden, \u00fcbernimmt Ostprint Beschriftungen GmbH keine Haftung.<\/p>\n\n\n\n<h4 class=\"wp-block-heading\"><strong>13. Erf\u00fcllungsort und Gerichtsstand<\/strong><\/h4>\n\n\n\n<p>Erf\u00fcllungsort und Gerichtsstand ist das Kreisgericht Rheintal. Anwendbar ist schweizerisches Recht. Der Besteller best\u00e4tigt, dass er mit diesen AGB einverstanden ist. Er akzeptiert sie unter Einschluss der Gerichtsstandsvereinbarung als Bestandteil des mit Ostprint Beschriftungen GmbH abgeschlossenen Vertrages.<\/p>\n","protected":false},"excerpt":{"rendered":"<p>Allgemeine Gesch\u00e4ftsbedingungen Ostprint Beschriftungen GmbH Stand 01.01.2014 1. Geltungsbereich Diese Allgemeinen Gesch\u00e4ftsbedingungen (nachfolgend AGB genannt) gelten f\u00fcr alle, auch k\u00fcnftige vertragliche Rechtsbeziehungen zwischen Ostprint Beschriftungen GmbH und ihren Kunden im gesamten Produkte- und Dienstleistungsbereich, soweit nicht schriftlich andere Vereinbarungen getroffen wurden. Die Abgabe einer Bestellung schlie\u00dft die Anerkennung dieser AGB durch den Kunden ein. Der &#8230; <a title=\"AGB\" class=\"read-more\" href=\"https:\/\/fresh.ostprint.ch\/?page_id=32\" aria-label=\"Read more about AGB\">Read more<\/a><\/p>\n","protected":false},"author":1,"featured_media":0,"parent":0,"menu_order":0,"comment_status":"closed","ping_status":"closed","template":"","meta":{"footnotes":""},"class_list":["post-32","page","type-page","status-publish"],"yoast_head":"<!-- This site is optimized with the Yoast SEO plugin v26.5 - https:\/\/yoast.com\/wordpress\/plugins\/seo\/ -->\n<title>AGB - Ostprint<\/title>\n<meta name=\"robots\" content=\"noindex, follow, max-snippet:-1, max-image-preview:large, max-video-preview:-1\" \/>\n<meta property=\"og:locale\" content=\"de_DE\" \/>\n<meta property=\"og:type\" content=\"article\" \/>\n<meta property=\"og:title\" content=\"AGB - Ostprint\" \/>\n<meta property=\"og:description\" content=\"Allgemeine Gesch\u00e4ftsbedingungen Ostprint Beschriftungen GmbH Stand 01.01.2014 1. Geltungsbereich Diese Allgemeinen Gesch\u00e4ftsbedingungen (nachfolgend AGB genannt) gelten f\u00fcr alle, auch k\u00fcnftige vertragliche Rechtsbeziehungen zwischen Ostprint Beschriftungen GmbH und ihren Kunden im gesamten Produkte- und Dienstleistungsbereich, soweit nicht schriftlich andere Vereinbarungen getroffen wurden. Die Abgabe einer Bestellung schlie\u00dft die Anerkennung dieser AGB durch den Kunden ein. Der ... Read more\" \/>\n<meta property=\"og:url\" content=\"https:\/\/fresh.ostprint.ch\/?page_id=32\" \/>\n<meta property=\"og:site_name\" content=\"Ostprint\" \/>\n<meta property=\"article:modified_time\" content=\"2025-12-09T20:47:15+00:00\" \/>\n<meta name=\"twitter:card\" content=\"summary_large_image\" \/>\n<meta name=\"twitter:label1\" content=\"Gesch\u00e4tzte Lesezeit\" \/>\n\t<meta name=\"twitter:data1\" content=\"5\u00a0Minuten\" \/>\n<script type=\"application\/ld+json\" class=\"yoast-schema-graph\">{\"@context\":\"https:\/\/schema.org\",\"@graph\":[{\"@type\":\"WebPage\",\"@id\":\"https:\/\/fresh.ostprint.ch\/?page_id=32\",\"url\":\"https:\/\/fresh.ostprint.ch\/?page_id=32\",\"name\":\"AGB - Ostprint\",\"isPartOf\":{\"@id\":\"https:\/\/fresh.ostprint.ch\/#website\"},\"datePublished\":\"2025-12-08T09:06:05+00:00\",\"dateModified\":\"2025-12-09T20:47:15+00:00\",\"breadcrumb\":{\"@id\":\"https:\/\/fresh.ostprint.ch\/?page_id=32#breadcrumb\"},\"inLanguage\":\"de-CH\",\"potentialAction\":[{\"@type\":\"ReadAction\",\"target\":[\"https:\/\/fresh.ostprint.ch\/?page_id=32\"]}]},{\"@type\":\"BreadcrumbList\",\"@id\":\"https:\/\/fresh.ostprint.ch\/?page_id=32#breadcrumb\",\"itemListElement\":[{\"@type\":\"ListItem\",\"position\":1,\"name\":\"Startseite\",\"item\":\"https:\/\/fresh.ostprint.ch\/\"},{\"@type\":\"ListItem\",\"position\":2,\"name\":\"AGB\"}]},{\"@type\":\"WebSite\",\"@id\":\"https:\/\/fresh.ostprint.ch\/#website\",\"url\":\"https:\/\/fresh.ostprint.ch\/\",\"name\":\"Ostprint\",\"description\":\"\",\"potentialAction\":[{\"@type\":\"SearchAction\",\"target\":{\"@type\":\"EntryPoint\",\"urlTemplate\":\"https:\/\/fresh.ostprint.ch\/?s={search_term_string}\"},\"query-input\":{\"@type\":\"PropertyValueSpecification\",\"valueRequired\":true,\"valueName\":\"search_term_string\"}}],\"inLanguage\":\"de-CH\"}]}<\/script>\n<!-- \/ Yoast SEO plugin. -->","yoast_head_json":{"title":"AGB - Ostprint","robots":{"index":"noindex","follow":"follow","max-snippet":"max-snippet:-1","max-image-preview":"max-image-preview:large","max-video-preview":"max-video-preview:-1"},"og_locale":"de_DE","og_type":"article","og_title":"AGB - Ostprint","og_description":"Allgemeine Gesch\u00e4ftsbedingungen Ostprint Beschriftungen GmbH Stand 01.01.2014 1. Geltungsbereich Diese Allgemeinen Gesch\u00e4ftsbedingungen (nachfolgend AGB genannt) gelten f\u00fcr alle, auch k\u00fcnftige vertragliche Rechtsbeziehungen zwischen Ostprint Beschriftungen GmbH und ihren Kunden im gesamten Produkte- und Dienstleistungsbereich, soweit nicht schriftlich andere Vereinbarungen getroffen wurden. Die Abgabe einer Bestellung schlie\u00dft die Anerkennung dieser AGB durch den Kunden ein. Der ... Read more","og_url":"https:\/\/fresh.ostprint.ch\/?page_id=32","og_site_name":"Ostprint","article_modified_time":"2025-12-09T20:47:15+00:00","twitter_card":"summary_large_image","twitter_misc":{"Gesch\u00e4tzte Lesezeit":"5\u00a0Minuten"},"schema":{"@context":"https:\/\/schema.org","@graph":[{"@type":"WebPage","@id":"https:\/\/fresh.ostprint.ch\/?page_id=32","url":"https:\/\/fresh.ostprint.ch\/?page_id=32","name":"AGB - Ostprint","isPartOf":{"@id":"https:\/\/fresh.ostprint.ch\/#website"},"datePublished":"2025-12-08T09:06:05+00:00","dateModified":"2025-12-09T20:47:15+00:00","breadcrumb":{"@id":"https:\/\/fresh.ostprint.ch\/?page_id=32#breadcrumb"},"inLanguage":"de-CH","potentialAction":[{"@type":"ReadAction","target":["https:\/\/fresh.ostprint.ch\/?page_id=32"]}]},{"@type":"BreadcrumbList","@id":"https:\/\/fresh.ostprint.ch\/?page_id=32#breadcrumb","itemListElement":[{"@type":"ListItem","position":1,"name":"Startseite","item":"https:\/\/fresh.ostprint.ch\/"},{"@type":"ListItem","position":2,"name":"AGB"}]},{"@type":"WebSite","@id":"https:\/\/fresh.ostprint.ch\/#website","url":"https:\/\/fresh.ostprint.ch\/","name":"Ostprint","description":"","potentialAction":[{"@type":"SearchAction","target":{"@type":"EntryPoint","urlTemplate":"https:\/\/fresh.ostprint.ch\/?s={search_term_string}"},"query-input":{"@type":"PropertyValueSpecification","valueRequired":true,"valueName":"search_term_string"}}],"inLanguage":"de-CH"}]}},"_links":{"self":[{"href":"https:\/\/fresh.ostprint.ch\/index.php?rest_route=\/wp\/v2\/pages\/32","targetHints":{"allow":["GET"]}}],"collection":[{"href":"https:\/\/fresh.ostprint.ch\/index.php?rest_route=\/wp\/v2\/pages"}],"about":[{"href":"https:\/\/fresh.ostprint.ch\/index.php?rest_route=\/wp\/v2\/types\/page"}],"author":[{"embeddable":true,"href":"https:\/\/fresh.ostprint.ch\/index.php?rest_route=\/wp\/v2\/users\/1"}],"replies":[{"embeddable":true,"href":"https:\/\/fresh.ostprint.ch\/index.php?rest_route=%2Fwp%2Fv2%2Fcomments&post=32"}],"version-history":[{"count":2,"href":"https:\/\/fresh.ostprint.ch\/index.php?rest_route=\/wp\/v2\/pages\/32\/revisions"}],"predecessor-version":[{"id":122,"href":"https:\/\/fresh.ostprint.ch\/index.php?rest_route=\/wp\/v2\/pages\/32\/revisions\/122"}],"wp:attachment":[{"href":"https:\/\/fresh.ostprint.ch\/index.php?rest_route=%2Fwp%2Fv2%2Fmedia&parent=32"}],"curies":[{"name":"wp","href":"https:\/\/api.w.org\/{rel}","templated":true}]}}