{"id":111,"date":"2025-12-09T19:21:16","date_gmt":"2025-12-09T19:21:16","guid":{"rendered":"https:\/\/fresh.ostprint.ch\/?page_id=111"},"modified":"2025-12-09T19:21:17","modified_gmt":"2025-12-09T19:21:17","slug":"schilder","status":"publish","type":"page","link":"https:\/\/fresh.ostprint.ch\/?page_id=111","title":{"rendered":"Schilder"},"content":{"rendered":"\n<p>Schilder sind vielseitige Tr\u00e4ger f\u00fcr Informationen und Werbung und eignen sich hervorragend f\u00fcr eine professionelle Au\u00dfenbeschilderung.<\/p>\n\n\n\n<h3 class=\"wp-block-heading\">Was ist ein Schild?<\/h3>\n\n\n\n<p>Ein Schild ist ein stabiles, beschriftetes oder bedrucktes Tr\u00e4gerelement, das zur Kennzeichnung, Wegweisung oder Werbung im Innen- und Au\u00dfenbereich dient. Es kann unbeleuchtet oder beleuchtet ausgef\u00fchrt werden und macht \u00d6ffnungszeiten, Lagepl\u00e4ne, Hinweise oder Werbebotschaften gut sichtbar.<\/p>\n\n\n\n<h3 class=\"wp-block-heading\">Materialien und Ausf\u00fchrungen<\/h3>\n\n\n\n<p>Schilder k\u00f6nnen aus Aluminium, Forex (Hartschaumplatte) oder witterungsbest\u00e4ndigem Alu-Dibond gefertigt werden. Je nach Bedarf werden sie rechteckig, konturgefr\u00e4st oder in Sonderformen produziert und optional mit Beleuchtung kombiniert, um auch in der D\u00e4mmerung und bei Nacht gut lesbar zu sein.<\/p>\n\n\n\n<h3 class=\"wp-block-heading\">Einsatz als Wegweiser<\/h3>\n\n\n\n<p>Individuell hergestellte Schilder und Wegweiser eignen sich ideal zur Ausschilderung von Parkpl\u00e4tzen, Geb\u00e4udekomplexen, Ein- und Ausg\u00e4ngen oder anderen wichtigen Bereichen. So finden Besucher, Kunden und Mitarbeitende schnell den richtigen Weg, und Ihr Gel\u00e4nde wirkt klar strukturiert und professionell organisiert.<\/p>\n","protected":false},"excerpt":{"rendered":"<p>Schilder sind vielseitige Tr\u00e4ger f\u00fcr Informationen und Werbung und eignen sich hervorragend f\u00fcr eine professionelle Au\u00dfenbeschilderung. Was ist ein Schild? Ein Schild ist ein stabiles, beschriftetes oder bedrucktes Tr\u00e4gerelement, das zur Kennzeichnung, Wegweisung oder Werbung im Innen- und Au\u00dfenbereich dient. Es kann unbeleuchtet oder beleuchtet ausgef\u00fchrt werden und macht \u00d6ffnungszeiten, Lagepl\u00e4ne, Hinweise oder Werbebotschaften gut &#8230; <a title=\"Schilder\" class=\"read-more\" href=\"https:\/\/fresh.ostprint.ch\/?page_id=111\" aria-label=\"Read more about Schilder\">Read more<\/a><\/p>\n","protected":false},"author":1,"featured_media":0,"parent":11,"menu_order":0,"comment_status":"closed","ping_status":"closed","template":"","meta":{"footnotes":""},"class_list":["post-111","page","type-page","status-publish"],"yoast_head":"<!-- This site is optimized with the Yoast SEO plugin v26.5 - https:\/\/yoast.com\/wordpress\/plugins\/seo\/ -->\n<title>Schilder - Ostprint<\/title>\n<meta name=\"robots\" content=\"noindex, follow, max-snippet:-1, max-image-preview:large, max-video-preview:-1\" \/>\n<meta property=\"og:locale\" content=\"de_DE\" \/>\n<meta property=\"og:type\" content=\"article\" \/>\n<meta property=\"og:title\" content=\"Schilder - Ostprint\" \/>\n<meta property=\"og:description\" content=\"Schilder sind vielseitige Tr\u00e4ger f\u00fcr Informationen und Werbung und eignen sich hervorragend f\u00fcr eine professionelle Au\u00dfenbeschilderung. Was ist ein Schild? Ein Schild ist ein stabiles, beschriftetes oder bedrucktes Tr\u00e4gerelement, das zur Kennzeichnung, Wegweisung oder Werbung im Innen- und Au\u00dfenbereich dient. Es kann unbeleuchtet oder beleuchtet ausgef\u00fchrt werden und macht \u00d6ffnungszeiten, Lagepl\u00e4ne, Hinweise oder Werbebotschaften gut ... Read more\" \/>\n<meta property=\"og:url\" content=\"https:\/\/fresh.ostprint.ch\/?page_id=111\" \/>\n<meta property=\"og:site_name\" content=\"Ostprint\" \/>\n<meta property=\"article:modified_time\" content=\"2025-12-09T19:21:17+00:00\" \/>\n<meta name=\"twitter:card\" content=\"summary_large_image\" \/>\n<meta name=\"twitter:label1\" content=\"Gesch\u00e4tzte Lesezeit\" \/>\n\t<meta name=\"twitter:data1\" content=\"1\u00a0Minute\" \/>\n<script type=\"application\/ld+json\" class=\"yoast-schema-graph\">{\"@context\":\"https:\/\/schema.org\",\"@graph\":[{\"@type\":\"WebPage\",\"@id\":\"https:\/\/fresh.ostprint.ch\/?page_id=111\",\"url\":\"https:\/\/fresh.ostprint.ch\/?page_id=111\",\"name\":\"Schilder - Ostprint\",\"isPartOf\":{\"@id\":\"https:\/\/fresh.ostprint.ch\/#website\"},\"datePublished\":\"2025-12-09T19:21:16+00:00\",\"dateModified\":\"2025-12-09T19:21:17+00:00\",\"breadcrumb\":{\"@id\":\"https:\/\/fresh.ostprint.ch\/?page_id=111#breadcrumb\"},\"inLanguage\":\"de-CH\",\"potentialAction\":[{\"@type\":\"ReadAction\",\"target\":[\"https:\/\/fresh.ostprint.ch\/?page_id=111\"]}]},{\"@type\":\"BreadcrumbList\",\"@id\":\"https:\/\/fresh.ostprint.ch\/?page_id=111#breadcrumb\",\"itemListElement\":[{\"@type\":\"ListItem\",\"position\":1,\"name\":\"Startseite\",\"item\":\"https:\/\/fresh.ostprint.ch\/\"},{\"@type\":\"ListItem\",\"position\":2,\"name\":\"Digitaldruck &amp; Schilder\",\"item\":\"https:\/\/fresh.ostprint.ch\/?page_id=11\"},{\"@type\":\"ListItem\",\"position\":3,\"name\":\"Schilder\"}]},{\"@type\":\"WebSite\",\"@id\":\"https:\/\/fresh.ostprint.ch\/#website\",\"url\":\"https:\/\/fresh.ostprint.ch\/\",\"name\":\"Ostprint\",\"description\":\"\",\"potentialAction\":[{\"@type\":\"SearchAction\",\"target\":{\"@type\":\"EntryPoint\",\"urlTemplate\":\"https:\/\/fresh.ostprint.ch\/?s={search_term_string}\"},\"query-input\":{\"@type\":\"PropertyValueSpecification\",\"valueRequired\":true,\"valueName\":\"search_term_string\"}}],\"inLanguage\":\"de-CH\"}]}<\/script>\n<!-- \/ Yoast SEO plugin. -->","yoast_head_json":{"title":"Schilder - Ostprint","robots":{"index":"noindex","follow":"follow","max-snippet":"max-snippet:-1","max-image-preview":"max-image-preview:large","max-video-preview":"max-video-preview:-1"},"og_locale":"de_DE","og_type":"article","og_title":"Schilder - Ostprint","og_description":"Schilder sind vielseitige Tr\u00e4ger f\u00fcr Informationen und Werbung und eignen sich hervorragend f\u00fcr eine professionelle Au\u00dfenbeschilderung. Was ist ein Schild? Ein Schild ist ein stabiles, beschriftetes oder bedrucktes Tr\u00e4gerelement, das zur Kennzeichnung, Wegweisung oder Werbung im Innen- und Au\u00dfenbereich dient. Es kann unbeleuchtet oder beleuchtet ausgef\u00fchrt werden und macht \u00d6ffnungszeiten, Lagepl\u00e4ne, Hinweise oder Werbebotschaften gut ... Read more","og_url":"https:\/\/fresh.ostprint.ch\/?page_id=111","og_site_name":"Ostprint","article_modified_time":"2025-12-09T19:21:17+00:00","twitter_card":"summary_large_image","twitter_misc":{"Gesch\u00e4tzte Lesezeit":"1\u00a0Minute"},"schema":{"@context":"https:\/\/schema.org","@graph":[{"@type":"WebPage","@id":"https:\/\/fresh.ostprint.ch\/?page_id=111","url":"https:\/\/fresh.ostprint.ch\/?page_id=111","name":"Schilder - Ostprint","isPartOf":{"@id":"https:\/\/fresh.ostprint.ch\/#website"},"datePublished":"2025-12-09T19:21:16+00:00","dateModified":"2025-12-09T19:21:17+00:00","breadcrumb":{"@id":"https:\/\/fresh.ostprint.ch\/?page_id=111#breadcrumb"},"inLanguage":"de-CH","potentialAction":[{"@type":"ReadAction","target":["https:\/\/fresh.ostprint.ch\/?page_id=111"]}]},{"@type":"BreadcrumbList","@id":"https:\/\/fresh.ostprint.ch\/?page_id=111#breadcrumb","itemListElement":[{"@type":"ListItem","position":1,"name":"Startseite","item":"https:\/\/fresh.ostprint.ch\/"},{"@type":"ListItem","position":2,"name":"Digitaldruck &amp; Schilder","item":"https:\/\/fresh.ostprint.ch\/?page_id=11"},{"@type":"ListItem","position":3,"name":"Schilder"}]},{"@type":"WebSite","@id":"https:\/\/fresh.ostprint.ch\/#website","url":"https:\/\/fresh.ostprint.ch\/","name":"Ostprint","description":"","potentialAction":[{"@type":"SearchAction","target":{"@type":"EntryPoint","urlTemplate":"https:\/\/fresh.ostprint.ch\/?s={search_term_string}"},"query-input":{"@type":"PropertyValueSpecification","valueRequired":true,"valueName":"search_term_string"}}],"inLanguage":"de-CH"}]}},"_links":{"self":[{"href":"https:\/\/fresh.ostprint.ch\/index.php?rest_route=\/wp\/v2\/pages\/111","targetHints":{"allow":["GET"]}}],"collection":[{"href":"https:\/\/fresh.ostprint.ch\/index.php?rest_route=\/wp\/v2\/pages"}],"about":[{"href":"https:\/\/fresh.ostprint.ch\/index.php?rest_route=\/wp\/v2\/types\/page"}],"author":[{"embeddable":true,"href":"https:\/\/fresh.ostprint.ch\/index.php?rest_route=\/wp\/v2\/users\/1"}],"replies":[{"embeddable":true,"href":"https:\/\/fresh.ostprint.ch\/index.php?rest_route=%2Fwp%2Fv2%2Fcomments&post=111"}],"version-history":[{"count":1,"href":"https:\/\/fresh.ostprint.ch\/index.php?rest_route=\/wp\/v2\/pages\/111\/revisions"}],"predecessor-version":[{"id":112,"href":"https:\/\/fresh.ostprint.ch\/index.php?rest_route=\/wp\/v2\/pages\/111\/revisions\/112"}],"up":[{"embeddable":true,"href":"https:\/\/fresh.ostprint.ch\/index.php?rest_route=\/wp\/v2\/pages\/11"}],"wp:attachment":[{"href":"https:\/\/fresh.ostprint.ch\/index.php?rest_route=%2Fwp%2Fv2%2Fmedia&parent=111"}],"curies":[{"name":"wp","href":"https:\/\/api.w.org\/{rel}","templated":true}]}}