{"id":109,"date":"2025-12-09T19:19:28","date_gmt":"2025-12-09T19:19:28","guid":{"rendered":"https:\/\/fresh.ostprint.ch\/?page_id=109"},"modified":"2025-12-09T19:19:28","modified_gmt":"2025-12-09T19:19:28","slug":"tafeln","status":"publish","type":"page","link":"https:\/\/fresh.ostprint.ch\/?page_id=109","title":{"rendered":"Tafeln"},"content":{"rendered":"\n<p>Tafeln sind langlebige, vielseitige Tr\u00e4ger f\u00fcr Beschilderungen im Innen- und Au\u00dfenbereich und eignen sich besonders gut f\u00fcr firmeneigene Hinweisschilder, Werbetafeln oder Informationsschilder.<\/p>\n\n\n\n<h3 class=\"wp-block-heading\">Was sind Tafeln (Alu-Dibond &amp; Metall)?<\/h3>\n\n\n\n<p>Unter Tafeln werden stabile Platten verstanden, die mit Text, Logos oder Grafiken bedruckt werden und als Schilder dienen. Besonders Alu-Dibond- und Metalltafeln (Alu oder Stahl) sind beliebt, weil sie robust, formstabil und f\u00fcr den Dauereinsatz geeignet sind.<\/p>\n\n\n\n<h3 class=\"wp-block-heading\">Eigenschaften von Alu-Dibond-Tafeln<\/h3>\n\n\n\n<p>Alu-Dibond-Schilder sind dank ihres mehrschichtigen Aufbaus sehr witterungsbest\u00e4ndig, leicht und dennoch formstabil, was sie ideal f\u00fcr Au\u00dfenanwendungen macht. Auf Wunsch k\u00f6nnen die Platten passgenau zugeschnitten und bereits vorgebohrt geliefert werden, um die Montage zu erleichtern.<\/p>\n\n\n\n<h3 class=\"wp-block-heading\">Druckverfahren und Konfiguration<\/h3>\n\n\n\n<p>Die Tafeln werden millimetergenau nach Ihren Ma\u00dfangaben produziert und \u2013 je nach Einsatzbereich \u2013 im Foliendruck oder UV-Direktdruck beschriftet. Auch Alu- oder Stahltafeln k\u00f6nnen bedruckt werden, m\u00fcssen jedoch je nach Untergrund zuvor passend vorbehandelt werden, etwa durch Lackieren oder Verzinken.<\/p>\n\n\n\n<h3 class=\"wp-block-heading\">Einsatzbereiche und Vorteile<\/h3>\n\n\n\n<p>Tafeln eignen sich f\u00fcr Firmenschilder, Wegweiser, Fassadenbeschilderung, Baustellentafeln oder Hinweistafeln im Innenbereich. Sie bieten eine hochwertige Optik, lange Haltbarkeit und lassen sich individuell in Gr\u00f6\u00dfe, Gestaltung und Befestigungsart an Ihre Anforderungen anpassen.<\/p>\n","protected":false},"excerpt":{"rendered":"<p>Tafeln sind langlebige, vielseitige Tr\u00e4ger f\u00fcr Beschilderungen im Innen- und Au\u00dfenbereich und eignen sich besonders gut f\u00fcr firmeneigene Hinweisschilder, Werbetafeln oder Informationsschilder. Was sind Tafeln (Alu-Dibond &amp; Metall)? Unter Tafeln werden stabile Platten verstanden, die mit Text, Logos oder Grafiken bedruckt werden und als Schilder dienen. Besonders Alu-Dibond- und Metalltafeln (Alu oder Stahl) sind beliebt, &#8230; <a title=\"Tafeln\" class=\"read-more\" href=\"https:\/\/fresh.ostprint.ch\/?page_id=109\" aria-label=\"Read more about Tafeln\">Read more<\/a><\/p>\n","protected":false},"author":1,"featured_media":0,"parent":11,"menu_order":0,"comment_status":"closed","ping_status":"closed","template":"","meta":{"footnotes":""},"class_list":["post-109","page","type-page","status-publish"],"yoast_head":"<!-- This site is optimized with the Yoast SEO plugin v26.5 - https:\/\/yoast.com\/wordpress\/plugins\/seo\/ -->\n<title>Tafeln - Ostprint<\/title>\n<meta name=\"robots\" content=\"noindex, follow, max-snippet:-1, max-image-preview:large, max-video-preview:-1\" \/>\n<meta property=\"og:locale\" content=\"de_DE\" \/>\n<meta property=\"og:type\" content=\"article\" \/>\n<meta property=\"og:title\" content=\"Tafeln - Ostprint\" \/>\n<meta property=\"og:description\" content=\"Tafeln sind langlebige, vielseitige Tr\u00e4ger f\u00fcr Beschilderungen im Innen- und Au\u00dfenbereich und eignen sich besonders gut f\u00fcr firmeneigene Hinweisschilder, Werbetafeln oder Informationsschilder. Was sind Tafeln (Alu-Dibond &amp; Metall)? Unter Tafeln werden stabile Platten verstanden, die mit Text, Logos oder Grafiken bedruckt werden und als Schilder dienen. Besonders Alu-Dibond- und Metalltafeln (Alu oder Stahl) sind beliebt, ... Read more\" \/>\n<meta property=\"og:url\" content=\"https:\/\/fresh.ostprint.ch\/?page_id=109\" \/>\n<meta property=\"og:site_name\" content=\"Ostprint\" \/>\n<meta name=\"twitter:card\" content=\"summary_large_image\" \/>\n<meta name=\"twitter:label1\" content=\"Gesch\u00e4tzte Lesezeit\" \/>\n\t<meta name=\"twitter:data1\" content=\"1\u00a0Minute\" \/>\n<script type=\"application\/ld+json\" class=\"yoast-schema-graph\">{\"@context\":\"https:\/\/schema.org\",\"@graph\":[{\"@type\":\"WebPage\",\"@id\":\"https:\/\/fresh.ostprint.ch\/?page_id=109\",\"url\":\"https:\/\/fresh.ostprint.ch\/?page_id=109\",\"name\":\"Tafeln - Ostprint\",\"isPartOf\":{\"@id\":\"https:\/\/fresh.ostprint.ch\/#website\"},\"datePublished\":\"2025-12-09T19:19:28+00:00\",\"breadcrumb\":{\"@id\":\"https:\/\/fresh.ostprint.ch\/?page_id=109#breadcrumb\"},\"inLanguage\":\"de-CH\",\"potentialAction\":[{\"@type\":\"ReadAction\",\"target\":[\"https:\/\/fresh.ostprint.ch\/?page_id=109\"]}]},{\"@type\":\"BreadcrumbList\",\"@id\":\"https:\/\/fresh.ostprint.ch\/?page_id=109#breadcrumb\",\"itemListElement\":[{\"@type\":\"ListItem\",\"position\":1,\"name\":\"Startseite\",\"item\":\"https:\/\/fresh.ostprint.ch\/\"},{\"@type\":\"ListItem\",\"position\":2,\"name\":\"Digitaldruck &amp; Schilder\",\"item\":\"https:\/\/fresh.ostprint.ch\/?page_id=11\"},{\"@type\":\"ListItem\",\"position\":3,\"name\":\"Tafeln\"}]},{\"@type\":\"WebSite\",\"@id\":\"https:\/\/fresh.ostprint.ch\/#website\",\"url\":\"https:\/\/fresh.ostprint.ch\/\",\"name\":\"Ostprint\",\"description\":\"\",\"potentialAction\":[{\"@type\":\"SearchAction\",\"target\":{\"@type\":\"EntryPoint\",\"urlTemplate\":\"https:\/\/fresh.ostprint.ch\/?s={search_term_string}\"},\"query-input\":{\"@type\":\"PropertyValueSpecification\",\"valueRequired\":true,\"valueName\":\"search_term_string\"}}],\"inLanguage\":\"de-CH\"}]}<\/script>\n<!-- \/ Yoast SEO plugin. -->","yoast_head_json":{"title":"Tafeln - Ostprint","robots":{"index":"noindex","follow":"follow","max-snippet":"max-snippet:-1","max-image-preview":"max-image-preview:large","max-video-preview":"max-video-preview:-1"},"og_locale":"de_DE","og_type":"article","og_title":"Tafeln - Ostprint","og_description":"Tafeln sind langlebige, vielseitige Tr\u00e4ger f\u00fcr Beschilderungen im Innen- und Au\u00dfenbereich und eignen sich besonders gut f\u00fcr firmeneigene Hinweisschilder, Werbetafeln oder Informationsschilder. Was sind Tafeln (Alu-Dibond &amp; Metall)? Unter Tafeln werden stabile Platten verstanden, die mit Text, Logos oder Grafiken bedruckt werden und als Schilder dienen. Besonders Alu-Dibond- und Metalltafeln (Alu oder Stahl) sind beliebt, ... Read more","og_url":"https:\/\/fresh.ostprint.ch\/?page_id=109","og_site_name":"Ostprint","twitter_card":"summary_large_image","twitter_misc":{"Gesch\u00e4tzte Lesezeit":"1\u00a0Minute"},"schema":{"@context":"https:\/\/schema.org","@graph":[{"@type":"WebPage","@id":"https:\/\/fresh.ostprint.ch\/?page_id=109","url":"https:\/\/fresh.ostprint.ch\/?page_id=109","name":"Tafeln - Ostprint","isPartOf":{"@id":"https:\/\/fresh.ostprint.ch\/#website"},"datePublished":"2025-12-09T19:19:28+00:00","breadcrumb":{"@id":"https:\/\/fresh.ostprint.ch\/?page_id=109#breadcrumb"},"inLanguage":"de-CH","potentialAction":[{"@type":"ReadAction","target":["https:\/\/fresh.ostprint.ch\/?page_id=109"]}]},{"@type":"BreadcrumbList","@id":"https:\/\/fresh.ostprint.ch\/?page_id=109#breadcrumb","itemListElement":[{"@type":"ListItem","position":1,"name":"Startseite","item":"https:\/\/fresh.ostprint.ch\/"},{"@type":"ListItem","position":2,"name":"Digitaldruck &amp; Schilder","item":"https:\/\/fresh.ostprint.ch\/?page_id=11"},{"@type":"ListItem","position":3,"name":"Tafeln"}]},{"@type":"WebSite","@id":"https:\/\/fresh.ostprint.ch\/#website","url":"https:\/\/fresh.ostprint.ch\/","name":"Ostprint","description":"","potentialAction":[{"@type":"SearchAction","target":{"@type":"EntryPoint","urlTemplate":"https:\/\/fresh.ostprint.ch\/?s={search_term_string}"},"query-input":{"@type":"PropertyValueSpecification","valueRequired":true,"valueName":"search_term_string"}}],"inLanguage":"de-CH"}]}},"_links":{"self":[{"href":"https:\/\/fresh.ostprint.ch\/index.php?rest_route=\/wp\/v2\/pages\/109","targetHints":{"allow":["GET"]}}],"collection":[{"href":"https:\/\/fresh.ostprint.ch\/index.php?rest_route=\/wp\/v2\/pages"}],"about":[{"href":"https:\/\/fresh.ostprint.ch\/index.php?rest_route=\/wp\/v2\/types\/page"}],"author":[{"embeddable":true,"href":"https:\/\/fresh.ostprint.ch\/index.php?rest_route=\/wp\/v2\/users\/1"}],"replies":[{"embeddable":true,"href":"https:\/\/fresh.ostprint.ch\/index.php?rest_route=%2Fwp%2Fv2%2Fcomments&post=109"}],"version-history":[{"count":1,"href":"https:\/\/fresh.ostprint.ch\/index.php?rest_route=\/wp\/v2\/pages\/109\/revisions"}],"predecessor-version":[{"id":110,"href":"https:\/\/fresh.ostprint.ch\/index.php?rest_route=\/wp\/v2\/pages\/109\/revisions\/110"}],"up":[{"embeddable":true,"href":"https:\/\/fresh.ostprint.ch\/index.php?rest_route=\/wp\/v2\/pages\/11"}],"wp:attachment":[{"href":"https:\/\/fresh.ostprint.ch\/index.php?rest_route=%2Fwp%2Fv2%2Fmedia&parent=109"}],"curies":[{"name":"wp","href":"https:\/\/api.w.org\/{rel}","templated":true}]}}