{"id":107,"date":"2025-12-09T19:16:41","date_gmt":"2025-12-09T19:16:41","guid":{"rendered":"https:\/\/fresh.ostprint.ch\/?page_id=107"},"modified":"2025-12-09T19:16:41","modified_gmt":"2025-12-09T19:16:41","slug":"poster","status":"publish","type":"page","link":"https:\/\/fresh.ostprint.ch\/?page_id=107","title":{"rendered":"Poster"},"content":{"rendered":"\n<p>Poster sind ideal, um pers\u00f6nliche Erinnerungen oder Motive gro\u00dfformatig und hochwertig in Szene zu setzen.<\/p>\n\n\n\n<h3 class=\"wp-block-heading\">Was ist ein Poster?<\/h3>\n\n\n\n<p>Ein Poster ist ein gro\u00dfformatiger Druck, der Fotos, Grafiken oder Illustrationen auf hochwertigem Papier pr\u00e4sentiert. Es eignet sich zur dekorativen Wandgestaltung in Wohnr\u00e4umen, B\u00fcros, Praxen oder \u00f6ffentlichen Bereichen.<\/p>\n\n\n\n<h3 class=\"wp-block-heading\">Pers\u00f6nliche Motive im Gro\u00dfformat<\/h3>\n\n\n\n<p>Eigene Fotos lassen sich als Poster in verschiedenen Formaten drucken und machen besondere Momente dauerhaft sichtbar. So entstehen individuelle Wandbilder, die Urlaube, Familienfotos, Landschaften oder kreative Motive eindrucksvoll pr\u00e4sentieren.<\/p>\n\n\n\n<h3 class=\"wp-block-heading\">Druckqualit\u00e4t und Material<\/h3>\n\n\n\n<p>Moderne Drucktechnologien erm\u00f6glichen eine hohe Bildsch\u00e4rfe, kr\u00e4ftige Farben und eine lange Haltbarkeit der Drucke. H\u00e4ufig kommen dabei umweltfreundliche Verfahren und Tinten zum Einsatz, sodass sowohl Qualit\u00e4t als auch Nachhaltigkeit ber\u00fccksichtigt werden.<\/p>\n\n\n\n<h3 class=\"wp-block-heading\">Einsatz und Wirkung<\/h3>\n\n\n\n<p>Poster setzen gezielte Akzente in der Raumgestaltung und verleihen W\u00e4nden eine pers\u00f6nliche Note. Sie eignen sich sowohl als Geschenkidee als auch zur eigenen Wohnraumgestaltung, um Lieblingsmotive t\u00e4glich neu zu erleben.<\/p>\n","protected":false},"excerpt":{"rendered":"<p>Poster sind ideal, um pers\u00f6nliche Erinnerungen oder Motive gro\u00dfformatig und hochwertig in Szene zu setzen. Was ist ein Poster? Ein Poster ist ein gro\u00dfformatiger Druck, der Fotos, Grafiken oder Illustrationen auf hochwertigem Papier pr\u00e4sentiert. Es eignet sich zur dekorativen Wandgestaltung in Wohnr\u00e4umen, B\u00fcros, Praxen oder \u00f6ffentlichen Bereichen. Pers\u00f6nliche Motive im Gro\u00dfformat Eigene Fotos lassen sich &#8230; <a title=\"Poster\" class=\"read-more\" href=\"https:\/\/fresh.ostprint.ch\/?page_id=107\" aria-label=\"Read more about Poster\">Read more<\/a><\/p>\n","protected":false},"author":1,"featured_media":0,"parent":11,"menu_order":0,"comment_status":"closed","ping_status":"closed","template":"","meta":{"footnotes":""},"class_list":["post-107","page","type-page","status-publish"],"yoast_head":"<!-- This site is optimized with the Yoast SEO plugin v26.5 - https:\/\/yoast.com\/wordpress\/plugins\/seo\/ -->\n<title>Poster - Ostprint<\/title>\n<meta name=\"robots\" content=\"noindex, follow, max-snippet:-1, max-image-preview:large, max-video-preview:-1\" \/>\n<meta property=\"og:locale\" content=\"de_DE\" \/>\n<meta property=\"og:type\" content=\"article\" \/>\n<meta property=\"og:title\" content=\"Poster - Ostprint\" \/>\n<meta property=\"og:description\" content=\"Poster sind ideal, um pers\u00f6nliche Erinnerungen oder Motive gro\u00dfformatig und hochwertig in Szene zu setzen. Was ist ein Poster? Ein Poster ist ein gro\u00dfformatiger Druck, der Fotos, Grafiken oder Illustrationen auf hochwertigem Papier pr\u00e4sentiert. Es eignet sich zur dekorativen Wandgestaltung in Wohnr\u00e4umen, B\u00fcros, Praxen oder \u00f6ffentlichen Bereichen. Pers\u00f6nliche Motive im Gro\u00dfformat Eigene Fotos lassen sich ... Read more\" \/>\n<meta property=\"og:url\" content=\"https:\/\/fresh.ostprint.ch\/?page_id=107\" \/>\n<meta property=\"og:site_name\" content=\"Ostprint\" \/>\n<meta name=\"twitter:card\" content=\"summary_large_image\" \/>\n<meta name=\"twitter:label1\" content=\"Gesch\u00e4tzte Lesezeit\" \/>\n\t<meta name=\"twitter:data1\" content=\"1\u00a0Minute\" \/>\n<script type=\"application\/ld+json\" class=\"yoast-schema-graph\">{\"@context\":\"https:\/\/schema.org\",\"@graph\":[{\"@type\":\"WebPage\",\"@id\":\"https:\/\/fresh.ostprint.ch\/?page_id=107\",\"url\":\"https:\/\/fresh.ostprint.ch\/?page_id=107\",\"name\":\"Poster - Ostprint\",\"isPartOf\":{\"@id\":\"https:\/\/fresh.ostprint.ch\/#website\"},\"datePublished\":\"2025-12-09T19:16:41+00:00\",\"breadcrumb\":{\"@id\":\"https:\/\/fresh.ostprint.ch\/?page_id=107#breadcrumb\"},\"inLanguage\":\"de-CH\",\"potentialAction\":[{\"@type\":\"ReadAction\",\"target\":[\"https:\/\/fresh.ostprint.ch\/?page_id=107\"]}]},{\"@type\":\"BreadcrumbList\",\"@id\":\"https:\/\/fresh.ostprint.ch\/?page_id=107#breadcrumb\",\"itemListElement\":[{\"@type\":\"ListItem\",\"position\":1,\"name\":\"Startseite\",\"item\":\"https:\/\/fresh.ostprint.ch\/\"},{\"@type\":\"ListItem\",\"position\":2,\"name\":\"Digitaldruck &amp; Schilder\",\"item\":\"https:\/\/fresh.ostprint.ch\/?page_id=11\"},{\"@type\":\"ListItem\",\"position\":3,\"name\":\"Poster\"}]},{\"@type\":\"WebSite\",\"@id\":\"https:\/\/fresh.ostprint.ch\/#website\",\"url\":\"https:\/\/fresh.ostprint.ch\/\",\"name\":\"Ostprint\",\"description\":\"\",\"potentialAction\":[{\"@type\":\"SearchAction\",\"target\":{\"@type\":\"EntryPoint\",\"urlTemplate\":\"https:\/\/fresh.ostprint.ch\/?s={search_term_string}\"},\"query-input\":{\"@type\":\"PropertyValueSpecification\",\"valueRequired\":true,\"valueName\":\"search_term_string\"}}],\"inLanguage\":\"de-CH\"}]}<\/script>\n<!-- \/ Yoast SEO plugin. -->","yoast_head_json":{"title":"Poster - Ostprint","robots":{"index":"noindex","follow":"follow","max-snippet":"max-snippet:-1","max-image-preview":"max-image-preview:large","max-video-preview":"max-video-preview:-1"},"og_locale":"de_DE","og_type":"article","og_title":"Poster - Ostprint","og_description":"Poster sind ideal, um pers\u00f6nliche Erinnerungen oder Motive gro\u00dfformatig und hochwertig in Szene zu setzen. Was ist ein Poster? Ein Poster ist ein gro\u00dfformatiger Druck, der Fotos, Grafiken oder Illustrationen auf hochwertigem Papier pr\u00e4sentiert. Es eignet sich zur dekorativen Wandgestaltung in Wohnr\u00e4umen, B\u00fcros, Praxen oder \u00f6ffentlichen Bereichen. Pers\u00f6nliche Motive im Gro\u00dfformat Eigene Fotos lassen sich ... Read more","og_url":"https:\/\/fresh.ostprint.ch\/?page_id=107","og_site_name":"Ostprint","twitter_card":"summary_large_image","twitter_misc":{"Gesch\u00e4tzte Lesezeit":"1\u00a0Minute"},"schema":{"@context":"https:\/\/schema.org","@graph":[{"@type":"WebPage","@id":"https:\/\/fresh.ostprint.ch\/?page_id=107","url":"https:\/\/fresh.ostprint.ch\/?page_id=107","name":"Poster - Ostprint","isPartOf":{"@id":"https:\/\/fresh.ostprint.ch\/#website"},"datePublished":"2025-12-09T19:16:41+00:00","breadcrumb":{"@id":"https:\/\/fresh.ostprint.ch\/?page_id=107#breadcrumb"},"inLanguage":"de-CH","potentialAction":[{"@type":"ReadAction","target":["https:\/\/fresh.ostprint.ch\/?page_id=107"]}]},{"@type":"BreadcrumbList","@id":"https:\/\/fresh.ostprint.ch\/?page_id=107#breadcrumb","itemListElement":[{"@type":"ListItem","position":1,"name":"Startseite","item":"https:\/\/fresh.ostprint.ch\/"},{"@type":"ListItem","position":2,"name":"Digitaldruck &amp; Schilder","item":"https:\/\/fresh.ostprint.ch\/?page_id=11"},{"@type":"ListItem","position":3,"name":"Poster"}]},{"@type":"WebSite","@id":"https:\/\/fresh.ostprint.ch\/#website","url":"https:\/\/fresh.ostprint.ch\/","name":"Ostprint","description":"","potentialAction":[{"@type":"SearchAction","target":{"@type":"EntryPoint","urlTemplate":"https:\/\/fresh.ostprint.ch\/?s={search_term_string}"},"query-input":{"@type":"PropertyValueSpecification","valueRequired":true,"valueName":"search_term_string"}}],"inLanguage":"de-CH"}]}},"_links":{"self":[{"href":"https:\/\/fresh.ostprint.ch\/index.php?rest_route=\/wp\/v2\/pages\/107","targetHints":{"allow":["GET"]}}],"collection":[{"href":"https:\/\/fresh.ostprint.ch\/index.php?rest_route=\/wp\/v2\/pages"}],"about":[{"href":"https:\/\/fresh.ostprint.ch\/index.php?rest_route=\/wp\/v2\/types\/page"}],"author":[{"embeddable":true,"href":"https:\/\/fresh.ostprint.ch\/index.php?rest_route=\/wp\/v2\/users\/1"}],"replies":[{"embeddable":true,"href":"https:\/\/fresh.ostprint.ch\/index.php?rest_route=%2Fwp%2Fv2%2Fcomments&post=107"}],"version-history":[{"count":1,"href":"https:\/\/fresh.ostprint.ch\/index.php?rest_route=\/wp\/v2\/pages\/107\/revisions"}],"predecessor-version":[{"id":108,"href":"https:\/\/fresh.ostprint.ch\/index.php?rest_route=\/wp\/v2\/pages\/107\/revisions\/108"}],"up":[{"embeddable":true,"href":"https:\/\/fresh.ostprint.ch\/index.php?rest_route=\/wp\/v2\/pages\/11"}],"wp:attachment":[{"href":"https:\/\/fresh.ostprint.ch\/index.php?rest_route=%2Fwp%2Fv2%2Fmedia&parent=107"}],"curies":[{"name":"wp","href":"https:\/\/api.w.org\/{rel}","templated":true}]}}