{"id":105,"date":"2025-12-09T19:14:10","date_gmt":"2025-12-09T19:14:10","guid":{"rendered":"https:\/\/fresh.ostprint.ch\/?page_id=105"},"modified":"2025-12-09T19:14:26","modified_gmt":"2025-12-09T19:14:26","slug":"visitenkarten","status":"publish","type":"page","link":"https:\/\/fresh.ostprint.ch\/?page_id=105","title":{"rendered":"Visitenkarten"},"content":{"rendered":"\n<p>Visitenkarten sind ein zentrales Element im pers\u00f6nlichen Networking und helfen dabei, Ihr Unternehmen professionell und einpr\u00e4gsam zu pr\u00e4sentieren.<\/p>\n\n\n\n<h3 class=\"wp-block-heading\">Was ist eine Visitenkarte?<\/h3>\n\n\n\n<p>Eine Visitenkarte ist ein kleines, handliches Druckprodukt, das wichtige Kontaktdaten wie Name, Unternehmen, Telefonnummer, E-Mail-Adresse und Webauftritt b\u00fcndig darstellt. Sie dient als physische Erinnerung an ein Gespr\u00e4ch und unterst\u00fctzt einen seri\u00f6sen, wiedererkennbaren Auftritt.<\/p>\n\n\n\n<h3 class=\"wp-block-heading\">Zweck und Einsatzbereiche<\/h3>\n\n\n\n<p>Visitenkarten werden bei Kundenterminen, Messen, Netzwerkveranstaltungen oder spontanen Begegnungen \u00fcberreicht. Sie sorgen daf\u00fcr, dass Ihre Kontaktdaten nicht verloren gehen und Sie auch nach dem ersten Gespr\u00e4ch leicht erreichbar und pr\u00e4sent bleiben.<\/p>\n\n\n\n<h3 class=\"wp-block-heading\">Qualit\u00e4t und Auflagen<\/h3>\n\n\n\n<p>Schon in kleineren Auflagen lassen sich Visitenkarten in hochwertiger Druckqualit\u00e4t produzieren, etwa mit stabilen Papieren, Veredelungen oder speziellen Oberfl\u00e4chen. So entsteht ein stimmiger erster Eindruck, der zu Ihrem Business passt und zu fairen Kosten realisiert werden kann.<\/p>\n","protected":false},"excerpt":{"rendered":"<p>Visitenkarten sind ein zentrales Element im pers\u00f6nlichen Networking und helfen dabei, Ihr Unternehmen professionell und einpr\u00e4gsam zu pr\u00e4sentieren. Was ist eine Visitenkarte? Eine Visitenkarte ist ein kleines, handliches Druckprodukt, das wichtige Kontaktdaten wie Name, Unternehmen, Telefonnummer, E-Mail-Adresse und Webauftritt b\u00fcndig darstellt. Sie dient als physische Erinnerung an ein Gespr\u00e4ch und unterst\u00fctzt einen seri\u00f6sen, wiedererkennbaren Auftritt. &#8230; <a title=\"Visitenkarten\" class=\"read-more\" href=\"https:\/\/fresh.ostprint.ch\/?page_id=105\" aria-label=\"Read more about Visitenkarten\">Read more<\/a><\/p>\n","protected":false},"author":1,"featured_media":0,"parent":11,"menu_order":0,"comment_status":"closed","ping_status":"closed","template":"","meta":{"footnotes":""},"class_list":["post-105","page","type-page","status-publish"],"yoast_head":"<!-- This site is optimized with the Yoast SEO plugin v26.5 - https:\/\/yoast.com\/wordpress\/plugins\/seo\/ -->\n<title>Visitenkarten - Ostprint<\/title>\n<meta name=\"robots\" content=\"noindex, follow, max-snippet:-1, max-image-preview:large, max-video-preview:-1\" \/>\n<meta property=\"og:locale\" content=\"de_DE\" \/>\n<meta property=\"og:type\" content=\"article\" \/>\n<meta property=\"og:title\" content=\"Visitenkarten - Ostprint\" \/>\n<meta property=\"og:description\" content=\"Visitenkarten sind ein zentrales Element im pers\u00f6nlichen Networking und helfen dabei, Ihr Unternehmen professionell und einpr\u00e4gsam zu pr\u00e4sentieren. Was ist eine Visitenkarte? Eine Visitenkarte ist ein kleines, handliches Druckprodukt, das wichtige Kontaktdaten wie Name, Unternehmen, Telefonnummer, E-Mail-Adresse und Webauftritt b\u00fcndig darstellt. Sie dient als physische Erinnerung an ein Gespr\u00e4ch und unterst\u00fctzt einen seri\u00f6sen, wiedererkennbaren Auftritt. ... Read more\" \/>\n<meta property=\"og:url\" content=\"https:\/\/fresh.ostprint.ch\/?page_id=105\" \/>\n<meta property=\"og:site_name\" content=\"Ostprint\" \/>\n<meta property=\"article:modified_time\" content=\"2025-12-09T19:14:26+00:00\" \/>\n<meta name=\"twitter:card\" content=\"summary_large_image\" \/>\n<meta name=\"twitter:label1\" content=\"Gesch\u00e4tzte Lesezeit\" \/>\n\t<meta name=\"twitter:data1\" content=\"1\u00a0Minute\" \/>\n<script type=\"application\/ld+json\" class=\"yoast-schema-graph\">{\"@context\":\"https:\/\/schema.org\",\"@graph\":[{\"@type\":\"WebPage\",\"@id\":\"https:\/\/fresh.ostprint.ch\/?page_id=105\",\"url\":\"https:\/\/fresh.ostprint.ch\/?page_id=105\",\"name\":\"Visitenkarten - Ostprint\",\"isPartOf\":{\"@id\":\"https:\/\/fresh.ostprint.ch\/#website\"},\"datePublished\":\"2025-12-09T19:14:10+00:00\",\"dateModified\":\"2025-12-09T19:14:26+00:00\",\"breadcrumb\":{\"@id\":\"https:\/\/fresh.ostprint.ch\/?page_id=105#breadcrumb\"},\"inLanguage\":\"de-CH\",\"potentialAction\":[{\"@type\":\"ReadAction\",\"target\":[\"https:\/\/fresh.ostprint.ch\/?page_id=105\"]}]},{\"@type\":\"BreadcrumbList\",\"@id\":\"https:\/\/fresh.ostprint.ch\/?page_id=105#breadcrumb\",\"itemListElement\":[{\"@type\":\"ListItem\",\"position\":1,\"name\":\"Startseite\",\"item\":\"https:\/\/fresh.ostprint.ch\/\"},{\"@type\":\"ListItem\",\"position\":2,\"name\":\"Digitaldruck &amp; Schilder\",\"item\":\"https:\/\/fresh.ostprint.ch\/?page_id=11\"},{\"@type\":\"ListItem\",\"position\":3,\"name\":\"Visitenkarten\"}]},{\"@type\":\"WebSite\",\"@id\":\"https:\/\/fresh.ostprint.ch\/#website\",\"url\":\"https:\/\/fresh.ostprint.ch\/\",\"name\":\"Ostprint\",\"description\":\"\",\"potentialAction\":[{\"@type\":\"SearchAction\",\"target\":{\"@type\":\"EntryPoint\",\"urlTemplate\":\"https:\/\/fresh.ostprint.ch\/?s={search_term_string}\"},\"query-input\":{\"@type\":\"PropertyValueSpecification\",\"valueRequired\":true,\"valueName\":\"search_term_string\"}}],\"inLanguage\":\"de-CH\"}]}<\/script>\n<!-- \/ Yoast SEO plugin. -->","yoast_head_json":{"title":"Visitenkarten - Ostprint","robots":{"index":"noindex","follow":"follow","max-snippet":"max-snippet:-1","max-image-preview":"max-image-preview:large","max-video-preview":"max-video-preview:-1"},"og_locale":"de_DE","og_type":"article","og_title":"Visitenkarten - Ostprint","og_description":"Visitenkarten sind ein zentrales Element im pers\u00f6nlichen Networking und helfen dabei, Ihr Unternehmen professionell und einpr\u00e4gsam zu pr\u00e4sentieren. Was ist eine Visitenkarte? Eine Visitenkarte ist ein kleines, handliches Druckprodukt, das wichtige Kontaktdaten wie Name, Unternehmen, Telefonnummer, E-Mail-Adresse und Webauftritt b\u00fcndig darstellt. Sie dient als physische Erinnerung an ein Gespr\u00e4ch und unterst\u00fctzt einen seri\u00f6sen, wiedererkennbaren Auftritt. ... Read more","og_url":"https:\/\/fresh.ostprint.ch\/?page_id=105","og_site_name":"Ostprint","article_modified_time":"2025-12-09T19:14:26+00:00","twitter_card":"summary_large_image","twitter_misc":{"Gesch\u00e4tzte Lesezeit":"1\u00a0Minute"},"schema":{"@context":"https:\/\/schema.org","@graph":[{"@type":"WebPage","@id":"https:\/\/fresh.ostprint.ch\/?page_id=105","url":"https:\/\/fresh.ostprint.ch\/?page_id=105","name":"Visitenkarten - Ostprint","isPartOf":{"@id":"https:\/\/fresh.ostprint.ch\/#website"},"datePublished":"2025-12-09T19:14:10+00:00","dateModified":"2025-12-09T19:14:26+00:00","breadcrumb":{"@id":"https:\/\/fresh.ostprint.ch\/?page_id=105#breadcrumb"},"inLanguage":"de-CH","potentialAction":[{"@type":"ReadAction","target":["https:\/\/fresh.ostprint.ch\/?page_id=105"]}]},{"@type":"BreadcrumbList","@id":"https:\/\/fresh.ostprint.ch\/?page_id=105#breadcrumb","itemListElement":[{"@type":"ListItem","position":1,"name":"Startseite","item":"https:\/\/fresh.ostprint.ch\/"},{"@type":"ListItem","position":2,"name":"Digitaldruck &amp; Schilder","item":"https:\/\/fresh.ostprint.ch\/?page_id=11"},{"@type":"ListItem","position":3,"name":"Visitenkarten"}]},{"@type":"WebSite","@id":"https:\/\/fresh.ostprint.ch\/#website","url":"https:\/\/fresh.ostprint.ch\/","name":"Ostprint","description":"","potentialAction":[{"@type":"SearchAction","target":{"@type":"EntryPoint","urlTemplate":"https:\/\/fresh.ostprint.ch\/?s={search_term_string}"},"query-input":{"@type":"PropertyValueSpecification","valueRequired":true,"valueName":"search_term_string"}}],"inLanguage":"de-CH"}]}},"_links":{"self":[{"href":"https:\/\/fresh.ostprint.ch\/index.php?rest_route=\/wp\/v2\/pages\/105","targetHints":{"allow":["GET"]}}],"collection":[{"href":"https:\/\/fresh.ostprint.ch\/index.php?rest_route=\/wp\/v2\/pages"}],"about":[{"href":"https:\/\/fresh.ostprint.ch\/index.php?rest_route=\/wp\/v2\/types\/page"}],"author":[{"embeddable":true,"href":"https:\/\/fresh.ostprint.ch\/index.php?rest_route=\/wp\/v2\/users\/1"}],"replies":[{"embeddable":true,"href":"https:\/\/fresh.ostprint.ch\/index.php?rest_route=%2Fwp%2Fv2%2Fcomments&post=105"}],"version-history":[{"count":1,"href":"https:\/\/fresh.ostprint.ch\/index.php?rest_route=\/wp\/v2\/pages\/105\/revisions"}],"predecessor-version":[{"id":106,"href":"https:\/\/fresh.ostprint.ch\/index.php?rest_route=\/wp\/v2\/pages\/105\/revisions\/106"}],"up":[{"embeddable":true,"href":"https:\/\/fresh.ostprint.ch\/index.php?rest_route=\/wp\/v2\/pages\/11"}],"wp:attachment":[{"href":"https:\/\/fresh.ostprint.ch\/index.php?rest_route=%2Fwp%2Fv2%2Fmedia&parent=105"}],"curies":[{"name":"wp","href":"https:\/\/api.w.org\/{rel}","templated":true}]}}