{"id":103,"date":"2025-12-09T19:11:44","date_gmt":"2025-12-09T19:11:44","guid":{"rendered":"https:\/\/fresh.ostprint.ch\/?page_id=103"},"modified":"2025-12-09T19:11:54","modified_gmt":"2025-12-09T19:11:54","slug":"flyer","status":"publish","type":"page","link":"https:\/\/fresh.ostprint.ch\/?page_id=103","title":{"rendered":"Flyer"},"content":{"rendered":"\n<p>Flyer sind kompakte, vielseitige Werbemittel, mit denen sich Informationen zielgerichtet und kosteng\u00fcnstig im Offline-Marketing verbreiten lassen.<\/p>\n\n\n\n<h3 class=\"wp-block-heading\">Was sind Flyer?<\/h3>\n\n\n\n<p>Flyer sind meist ein- oder mehrseitige, ungefalzte oder einfach gefalzte Druckprodukte im handlichen Format, die schnell gelesen und leicht verteilt werden k\u00f6nnen. Sie eignen sich ideal, um eine Botschaft kurz und pr\u00e4gnant mit Text und Bildern zu vermitteln.<\/p>\n\n\n\n<h3 class=\"wp-block-heading\">Aufbau und Gestaltung<\/h3>\n\n\n\n<p>Eine klare Struktur mit aufmerksamkeitsstarker \u00dcberschrift, \u00fcbersichtlichen Textbl\u00f6cken und passenden Bildern ist entscheidend, damit die Zielgruppe die Inhalte schnell erfassen kann. Inhalt, Tonalit\u00e4t und Design werden dabei optimal auf die gew\u00fcnschte Zielgruppe abgestimmt, um Interesse zu wecken und zum Weiterlesen oder Handeln zu motivieren.<\/p>\n\n\n\n<h3 class=\"wp-block-heading\">Einsatz und Verteilung<\/h3>\n\n\n\n<p>Flyer werden h\u00e4ufig als Streuwerbung an Haushalte verteilt, als Beilage zu Postsendungen verwendet oder bei Veranstaltungen, im Ladengesch\u00e4ft und auf Messen direkt ausgelegt oder \u00fcbergeben. So lassen sich bestimmte Personengruppen gezielt ansprechen, etwa zur Bewerbung von Produkten, Dienstleistungen, Aktionen oder Events.<\/p>\n","protected":false},"excerpt":{"rendered":"<p>Flyer sind kompakte, vielseitige Werbemittel, mit denen sich Informationen zielgerichtet und kosteng\u00fcnstig im Offline-Marketing verbreiten lassen. Was sind Flyer? Flyer sind meist ein- oder mehrseitige, ungefalzte oder einfach gefalzte Druckprodukte im handlichen Format, die schnell gelesen und leicht verteilt werden k\u00f6nnen. Sie eignen sich ideal, um eine Botschaft kurz und pr\u00e4gnant mit Text und Bildern &#8230; <a title=\"Flyer\" class=\"read-more\" href=\"https:\/\/fresh.ostprint.ch\/?page_id=103\" aria-label=\"Read more about Flyer\">Read more<\/a><\/p>\n","protected":false},"author":1,"featured_media":0,"parent":11,"menu_order":0,"comment_status":"closed","ping_status":"closed","template":"","meta":{"footnotes":""},"class_list":["post-103","page","type-page","status-publish"],"yoast_head":"<!-- This site is optimized with the Yoast SEO plugin v26.5 - https:\/\/yoast.com\/wordpress\/plugins\/seo\/ -->\n<title>Flyer - Ostprint<\/title>\n<meta name=\"robots\" content=\"noindex, follow, max-snippet:-1, max-image-preview:large, max-video-preview:-1\" \/>\n<meta property=\"og:locale\" content=\"de_DE\" \/>\n<meta property=\"og:type\" content=\"article\" \/>\n<meta property=\"og:title\" content=\"Flyer - Ostprint\" \/>\n<meta property=\"og:description\" content=\"Flyer sind kompakte, vielseitige Werbemittel, mit denen sich Informationen zielgerichtet und kosteng\u00fcnstig im Offline-Marketing verbreiten lassen. Was sind Flyer? Flyer sind meist ein- oder mehrseitige, ungefalzte oder einfach gefalzte Druckprodukte im handlichen Format, die schnell gelesen und leicht verteilt werden k\u00f6nnen. Sie eignen sich ideal, um eine Botschaft kurz und pr\u00e4gnant mit Text und Bildern ... Read more\" \/>\n<meta property=\"og:url\" content=\"https:\/\/fresh.ostprint.ch\/?page_id=103\" \/>\n<meta property=\"og:site_name\" content=\"Ostprint\" \/>\n<meta property=\"article:modified_time\" content=\"2025-12-09T19:11:54+00:00\" \/>\n<meta name=\"twitter:card\" content=\"summary_large_image\" \/>\n<meta name=\"twitter:label1\" content=\"Gesch\u00e4tzte Lesezeit\" \/>\n\t<meta name=\"twitter:data1\" content=\"1\u00a0Minute\" \/>\n<script type=\"application\/ld+json\" class=\"yoast-schema-graph\">{\"@context\":\"https:\/\/schema.org\",\"@graph\":[{\"@type\":\"WebPage\",\"@id\":\"https:\/\/fresh.ostprint.ch\/?page_id=103\",\"url\":\"https:\/\/fresh.ostprint.ch\/?page_id=103\",\"name\":\"Flyer - Ostprint\",\"isPartOf\":{\"@id\":\"https:\/\/fresh.ostprint.ch\/#website\"},\"datePublished\":\"2025-12-09T19:11:44+00:00\",\"dateModified\":\"2025-12-09T19:11:54+00:00\",\"breadcrumb\":{\"@id\":\"https:\/\/fresh.ostprint.ch\/?page_id=103#breadcrumb\"},\"inLanguage\":\"de-CH\",\"potentialAction\":[{\"@type\":\"ReadAction\",\"target\":[\"https:\/\/fresh.ostprint.ch\/?page_id=103\"]}]},{\"@type\":\"BreadcrumbList\",\"@id\":\"https:\/\/fresh.ostprint.ch\/?page_id=103#breadcrumb\",\"itemListElement\":[{\"@type\":\"ListItem\",\"position\":1,\"name\":\"Startseite\",\"item\":\"https:\/\/fresh.ostprint.ch\/\"},{\"@type\":\"ListItem\",\"position\":2,\"name\":\"Digitaldruck &amp; Schilder\",\"item\":\"https:\/\/fresh.ostprint.ch\/?page_id=11\"},{\"@type\":\"ListItem\",\"position\":3,\"name\":\"Flyer\"}]},{\"@type\":\"WebSite\",\"@id\":\"https:\/\/fresh.ostprint.ch\/#website\",\"url\":\"https:\/\/fresh.ostprint.ch\/\",\"name\":\"Ostprint\",\"description\":\"\",\"potentialAction\":[{\"@type\":\"SearchAction\",\"target\":{\"@type\":\"EntryPoint\",\"urlTemplate\":\"https:\/\/fresh.ostprint.ch\/?s={search_term_string}\"},\"query-input\":{\"@type\":\"PropertyValueSpecification\",\"valueRequired\":true,\"valueName\":\"search_term_string\"}}],\"inLanguage\":\"de-CH\"}]}<\/script>\n<!-- \/ Yoast SEO plugin. -->","yoast_head_json":{"title":"Flyer - Ostprint","robots":{"index":"noindex","follow":"follow","max-snippet":"max-snippet:-1","max-image-preview":"max-image-preview:large","max-video-preview":"max-video-preview:-1"},"og_locale":"de_DE","og_type":"article","og_title":"Flyer - Ostprint","og_description":"Flyer sind kompakte, vielseitige Werbemittel, mit denen sich Informationen zielgerichtet und kosteng\u00fcnstig im Offline-Marketing verbreiten lassen. Was sind Flyer? Flyer sind meist ein- oder mehrseitige, ungefalzte oder einfach gefalzte Druckprodukte im handlichen Format, die schnell gelesen und leicht verteilt werden k\u00f6nnen. Sie eignen sich ideal, um eine Botschaft kurz und pr\u00e4gnant mit Text und Bildern ... Read more","og_url":"https:\/\/fresh.ostprint.ch\/?page_id=103","og_site_name":"Ostprint","article_modified_time":"2025-12-09T19:11:54+00:00","twitter_card":"summary_large_image","twitter_misc":{"Gesch\u00e4tzte Lesezeit":"1\u00a0Minute"},"schema":{"@context":"https:\/\/schema.org","@graph":[{"@type":"WebPage","@id":"https:\/\/fresh.ostprint.ch\/?page_id=103","url":"https:\/\/fresh.ostprint.ch\/?page_id=103","name":"Flyer - Ostprint","isPartOf":{"@id":"https:\/\/fresh.ostprint.ch\/#website"},"datePublished":"2025-12-09T19:11:44+00:00","dateModified":"2025-12-09T19:11:54+00:00","breadcrumb":{"@id":"https:\/\/fresh.ostprint.ch\/?page_id=103#breadcrumb"},"inLanguage":"de-CH","potentialAction":[{"@type":"ReadAction","target":["https:\/\/fresh.ostprint.ch\/?page_id=103"]}]},{"@type":"BreadcrumbList","@id":"https:\/\/fresh.ostprint.ch\/?page_id=103#breadcrumb","itemListElement":[{"@type":"ListItem","position":1,"name":"Startseite","item":"https:\/\/fresh.ostprint.ch\/"},{"@type":"ListItem","position":2,"name":"Digitaldruck &amp; Schilder","item":"https:\/\/fresh.ostprint.ch\/?page_id=11"},{"@type":"ListItem","position":3,"name":"Flyer"}]},{"@type":"WebSite","@id":"https:\/\/fresh.ostprint.ch\/#website","url":"https:\/\/fresh.ostprint.ch\/","name":"Ostprint","description":"","potentialAction":[{"@type":"SearchAction","target":{"@type":"EntryPoint","urlTemplate":"https:\/\/fresh.ostprint.ch\/?s={search_term_string}"},"query-input":{"@type":"PropertyValueSpecification","valueRequired":true,"valueName":"search_term_string"}}],"inLanguage":"de-CH"}]}},"_links":{"self":[{"href":"https:\/\/fresh.ostprint.ch\/index.php?rest_route=\/wp\/v2\/pages\/103","targetHints":{"allow":["GET"]}}],"collection":[{"href":"https:\/\/fresh.ostprint.ch\/index.php?rest_route=\/wp\/v2\/pages"}],"about":[{"href":"https:\/\/fresh.ostprint.ch\/index.php?rest_route=\/wp\/v2\/types\/page"}],"author":[{"embeddable":true,"href":"https:\/\/fresh.ostprint.ch\/index.php?rest_route=\/wp\/v2\/users\/1"}],"replies":[{"embeddable":true,"href":"https:\/\/fresh.ostprint.ch\/index.php?rest_route=%2Fwp%2Fv2%2Fcomments&post=103"}],"version-history":[{"count":1,"href":"https:\/\/fresh.ostprint.ch\/index.php?rest_route=\/wp\/v2\/pages\/103\/revisions"}],"predecessor-version":[{"id":104,"href":"https:\/\/fresh.ostprint.ch\/index.php?rest_route=\/wp\/v2\/pages\/103\/revisions\/104"}],"up":[{"embeddable":true,"href":"https:\/\/fresh.ostprint.ch\/index.php?rest_route=\/wp\/v2\/pages\/11"}],"wp:attachment":[{"href":"https:\/\/fresh.ostprint.ch\/index.php?rest_route=%2Fwp%2Fv2%2Fmedia&parent=103"}],"curies":[{"name":"wp","href":"https:\/\/api.w.org\/{rel}","templated":true}]}}