{"id":101,"date":"2025-12-09T19:09:49","date_gmt":"2025-12-09T19:09:49","guid":{"rendered":"https:\/\/fresh.ostprint.ch\/?page_id=101"},"modified":"2025-12-09T19:09:50","modified_gmt":"2025-12-09T19:09:50","slug":"plakate","status":"publish","type":"page","link":"https:\/\/fresh.ostprint.ch\/?page_id=101","title":{"rendered":"Plakate"},"content":{"rendered":"\n<p>Plakate sind ein klassisches Werbemittel, mit dem sich Botschaften gro\u00dffl\u00e4chig und aufmerksamkeitsstark im Innen- und Au\u00dfenbereich platzieren lassen.<\/p>\n\n\n\n<h3 class=\"wp-block-heading\">Was sind Plakate?<\/h3>\n\n\n\n<p>Plakate sind meist gro\u00dfformatige Druckprodukte auf Papier oder Spezialmaterialien, die an W\u00e4nden, Plakatfl\u00e4chen, Litfa\u00dfs\u00e4ulen, Schauk\u00e4sten oder im POS-Bereich angebracht werden. Sie eignen sich sowohl f\u00fcr langfristige Markenkommunikation als auch f\u00fcr zeitlich begrenzte Aktionen, Veranstaltungen oder Angebote.<\/p>\n\n\n\n<h3 class=\"wp-block-heading\">Einsatzbereiche und Ziele<\/h3>\n\n\n\n<p>Mit Plakaten k\u00f6nnen Unternehmen ihre Marke bekannt machen, Events bewerben, Verkaufsaktionen hervorheben oder Kunden direkt am Point of Sale ansprechen. Durch die gro\u00dfe Fl\u00e4che, auff\u00e4llige Gestaltung und gezielte Platzierung erreichen Plakate viele Menschen in kurzer Zeit und eignen sich besonders f\u00fcr regionale Werbung.<\/p>\n\n\n\n<h3 class=\"wp-block-heading\">Vorteile von Plakatwerbung<\/h3>\n\n\n\n<p>Plakate sind kosteneffizient produzierbar und auch in kleineren Auflagen wirtschaftlich interessant. Moderne Druckverfahren erm\u00f6glichen individuelle Motive, unterschiedliche Formate und eine professionelle Qualit\u00e4t, sodass sich selbst etablierte Au\u00dfenwerbung heute unkompliziert planen und bestellen l\u00e4sst.<\/p>\n","protected":false},"excerpt":{"rendered":"<p>Plakate sind ein klassisches Werbemittel, mit dem sich Botschaften gro\u00dffl\u00e4chig und aufmerksamkeitsstark im Innen- und Au\u00dfenbereich platzieren lassen. Was sind Plakate? Plakate sind meist gro\u00dfformatige Druckprodukte auf Papier oder Spezialmaterialien, die an W\u00e4nden, Plakatfl\u00e4chen, Litfa\u00dfs\u00e4ulen, Schauk\u00e4sten oder im POS-Bereich angebracht werden. Sie eignen sich sowohl f\u00fcr langfristige Markenkommunikation als auch f\u00fcr zeitlich begrenzte Aktionen, Veranstaltungen &#8230; <a title=\"Plakate\" class=\"read-more\" href=\"https:\/\/fresh.ostprint.ch\/?page_id=101\" aria-label=\"Read more about Plakate\">Read more<\/a><\/p>\n","protected":false},"author":1,"featured_media":0,"parent":11,"menu_order":0,"comment_status":"closed","ping_status":"closed","template":"","meta":{"footnotes":""},"class_list":["post-101","page","type-page","status-publish"],"yoast_head":"<!-- This site is optimized with the Yoast SEO plugin v26.5 - https:\/\/yoast.com\/wordpress\/plugins\/seo\/ -->\n<title>Plakate - Ostprint<\/title>\n<meta name=\"robots\" content=\"noindex, follow, max-snippet:-1, max-image-preview:large, max-video-preview:-1\" \/>\n<meta property=\"og:locale\" content=\"de_DE\" \/>\n<meta property=\"og:type\" content=\"article\" \/>\n<meta property=\"og:title\" content=\"Plakate - Ostprint\" \/>\n<meta property=\"og:description\" content=\"Plakate sind ein klassisches Werbemittel, mit dem sich Botschaften gro\u00dffl\u00e4chig und aufmerksamkeitsstark im Innen- und Au\u00dfenbereich platzieren lassen. Was sind Plakate? Plakate sind meist gro\u00dfformatige Druckprodukte auf Papier oder Spezialmaterialien, die an W\u00e4nden, Plakatfl\u00e4chen, Litfa\u00dfs\u00e4ulen, Schauk\u00e4sten oder im POS-Bereich angebracht werden. Sie eignen sich sowohl f\u00fcr langfristige Markenkommunikation als auch f\u00fcr zeitlich begrenzte Aktionen, Veranstaltungen ... Read more\" \/>\n<meta property=\"og:url\" content=\"https:\/\/fresh.ostprint.ch\/?page_id=101\" \/>\n<meta property=\"og:site_name\" content=\"Ostprint\" \/>\n<meta property=\"article:modified_time\" content=\"2025-12-09T19:09:50+00:00\" \/>\n<meta name=\"twitter:card\" content=\"summary_large_image\" \/>\n<meta name=\"twitter:label1\" content=\"Gesch\u00e4tzte Lesezeit\" \/>\n\t<meta name=\"twitter:data1\" content=\"1\u00a0Minute\" \/>\n<script type=\"application\/ld+json\" class=\"yoast-schema-graph\">{\"@context\":\"https:\/\/schema.org\",\"@graph\":[{\"@type\":\"WebPage\",\"@id\":\"https:\/\/fresh.ostprint.ch\/?page_id=101\",\"url\":\"https:\/\/fresh.ostprint.ch\/?page_id=101\",\"name\":\"Plakate - Ostprint\",\"isPartOf\":{\"@id\":\"https:\/\/fresh.ostprint.ch\/#website\"},\"datePublished\":\"2025-12-09T19:09:49+00:00\",\"dateModified\":\"2025-12-09T19:09:50+00:00\",\"breadcrumb\":{\"@id\":\"https:\/\/fresh.ostprint.ch\/?page_id=101#breadcrumb\"},\"inLanguage\":\"de-CH\",\"potentialAction\":[{\"@type\":\"ReadAction\",\"target\":[\"https:\/\/fresh.ostprint.ch\/?page_id=101\"]}]},{\"@type\":\"BreadcrumbList\",\"@id\":\"https:\/\/fresh.ostprint.ch\/?page_id=101#breadcrumb\",\"itemListElement\":[{\"@type\":\"ListItem\",\"position\":1,\"name\":\"Startseite\",\"item\":\"https:\/\/fresh.ostprint.ch\/\"},{\"@type\":\"ListItem\",\"position\":2,\"name\":\"Digitaldruck &amp; Schilder\",\"item\":\"https:\/\/fresh.ostprint.ch\/?page_id=11\"},{\"@type\":\"ListItem\",\"position\":3,\"name\":\"Plakate\"}]},{\"@type\":\"WebSite\",\"@id\":\"https:\/\/fresh.ostprint.ch\/#website\",\"url\":\"https:\/\/fresh.ostprint.ch\/\",\"name\":\"Ostprint\",\"description\":\"\",\"potentialAction\":[{\"@type\":\"SearchAction\",\"target\":{\"@type\":\"EntryPoint\",\"urlTemplate\":\"https:\/\/fresh.ostprint.ch\/?s={search_term_string}\"},\"query-input\":{\"@type\":\"PropertyValueSpecification\",\"valueRequired\":true,\"valueName\":\"search_term_string\"}}],\"inLanguage\":\"de-CH\"}]}<\/script>\n<!-- \/ Yoast SEO plugin. -->","yoast_head_json":{"title":"Plakate - Ostprint","robots":{"index":"noindex","follow":"follow","max-snippet":"max-snippet:-1","max-image-preview":"max-image-preview:large","max-video-preview":"max-video-preview:-1"},"og_locale":"de_DE","og_type":"article","og_title":"Plakate - Ostprint","og_description":"Plakate sind ein klassisches Werbemittel, mit dem sich Botschaften gro\u00dffl\u00e4chig und aufmerksamkeitsstark im Innen- und Au\u00dfenbereich platzieren lassen. Was sind Plakate? Plakate sind meist gro\u00dfformatige Druckprodukte auf Papier oder Spezialmaterialien, die an W\u00e4nden, Plakatfl\u00e4chen, Litfa\u00dfs\u00e4ulen, Schauk\u00e4sten oder im POS-Bereich angebracht werden. Sie eignen sich sowohl f\u00fcr langfristige Markenkommunikation als auch f\u00fcr zeitlich begrenzte Aktionen, Veranstaltungen ... Read more","og_url":"https:\/\/fresh.ostprint.ch\/?page_id=101","og_site_name":"Ostprint","article_modified_time":"2025-12-09T19:09:50+00:00","twitter_card":"summary_large_image","twitter_misc":{"Gesch\u00e4tzte Lesezeit":"1\u00a0Minute"},"schema":{"@context":"https:\/\/schema.org","@graph":[{"@type":"WebPage","@id":"https:\/\/fresh.ostprint.ch\/?page_id=101","url":"https:\/\/fresh.ostprint.ch\/?page_id=101","name":"Plakate - Ostprint","isPartOf":{"@id":"https:\/\/fresh.ostprint.ch\/#website"},"datePublished":"2025-12-09T19:09:49+00:00","dateModified":"2025-12-09T19:09:50+00:00","breadcrumb":{"@id":"https:\/\/fresh.ostprint.ch\/?page_id=101#breadcrumb"},"inLanguage":"de-CH","potentialAction":[{"@type":"ReadAction","target":["https:\/\/fresh.ostprint.ch\/?page_id=101"]}]},{"@type":"BreadcrumbList","@id":"https:\/\/fresh.ostprint.ch\/?page_id=101#breadcrumb","itemListElement":[{"@type":"ListItem","position":1,"name":"Startseite","item":"https:\/\/fresh.ostprint.ch\/"},{"@type":"ListItem","position":2,"name":"Digitaldruck &amp; Schilder","item":"https:\/\/fresh.ostprint.ch\/?page_id=11"},{"@type":"ListItem","position":3,"name":"Plakate"}]},{"@type":"WebSite","@id":"https:\/\/fresh.ostprint.ch\/#website","url":"https:\/\/fresh.ostprint.ch\/","name":"Ostprint","description":"","potentialAction":[{"@type":"SearchAction","target":{"@type":"EntryPoint","urlTemplate":"https:\/\/fresh.ostprint.ch\/?s={search_term_string}"},"query-input":{"@type":"PropertyValueSpecification","valueRequired":true,"valueName":"search_term_string"}}],"inLanguage":"de-CH"}]}},"_links":{"self":[{"href":"https:\/\/fresh.ostprint.ch\/index.php?rest_route=\/wp\/v2\/pages\/101","targetHints":{"allow":["GET"]}}],"collection":[{"href":"https:\/\/fresh.ostprint.ch\/index.php?rest_route=\/wp\/v2\/pages"}],"about":[{"href":"https:\/\/fresh.ostprint.ch\/index.php?rest_route=\/wp\/v2\/types\/page"}],"author":[{"embeddable":true,"href":"https:\/\/fresh.ostprint.ch\/index.php?rest_route=\/wp\/v2\/users\/1"}],"replies":[{"embeddable":true,"href":"https:\/\/fresh.ostprint.ch\/index.php?rest_route=%2Fwp%2Fv2%2Fcomments&post=101"}],"version-history":[{"count":1,"href":"https:\/\/fresh.ostprint.ch\/index.php?rest_route=\/wp\/v2\/pages\/101\/revisions"}],"predecessor-version":[{"id":102,"href":"https:\/\/fresh.ostprint.ch\/index.php?rest_route=\/wp\/v2\/pages\/101\/revisions\/102"}],"up":[{"embeddable":true,"href":"https:\/\/fresh.ostprint.ch\/index.php?rest_route=\/wp\/v2\/pages\/11"}],"wp:attachment":[{"href":"https:\/\/fresh.ostprint.ch\/index.php?rest_route=%2Fwp%2Fv2%2Fmedia&parent=101"}],"curies":[{"name":"wp","href":"https:\/\/api.w.org\/{rel}","templated":true}]}}